{"id":993,"date":"2024-12-11T10:07:41","date_gmt":"2024-12-11T10:07:41","guid":{"rendered":"https:\/\/www.re.net.tr\/ie\/?post_type=product&#038;p=993"},"modified":"2024-12-11T10:07:54","modified_gmt":"2024-12-11T10:07:54","slug":"hikra-sol-by-his","status":"publish","type":"product","link":"https:\/\/www.insightenerji.com\/en\/urun\/hikra-sol-by-his\/","title":{"rendered":"HIKRA SOL by HIS"},"content":{"rendered":"<p>HIKRA\u00ae daha fazlas\u0131n\u0131 sa\u011flar. Mevcut \u00fcr\u00fcn normlar\u0131n\u0131n \u00f6tesine ge\u00e7en testlerle elde edilen\u2028daha y\u00fcksek bir kalite. Yang\u0131na g\u00f6sterdi\u011fi daha geli\u015fmi\u015f tepki sayesinde maksimum\u2028y\u00fcksek g\u00fcvenlik. \u00dc\u00e7 k\u0131ta \u00fczerindeki depolar\u0131m\u0131zdaki \u00e7e\u015fitli dizaynlar ve optimal geni\u015f\u2028depolama alanlar\u0131 sayesinde daha fazla servis. HIKRA\u00ae: uluslararas\u0131 ve ba\u015far\u0131l\u0131 bir EPC\u2028ve tedarik\u00e7ilerinden daha fazlas\u0131n\u0131 bekleyen kurulum \u015firketleri i\u00e7in kapsaml\u0131 kablolama\u2028\u00e7\u00f6z\u00fcmleri.<\/p>\n","protected":false},"excerpt":{"rendered":"<p>HIKRA\u00ae daha fazlas\u0131n\u0131 sa\u011flar. Mevcut \u00fcr\u00fcn normlar\u0131n\u0131n \u00f6tesine ge\u00e7en testlerle elde edilen\u2028daha y\u00fcksek bir kalite. Yang\u0131na g\u00f6sterdi\u011fi daha geli\u015fmi\u015f tepki sayesinde maksimum\u2028y\u00fcksek g\u00fcvenlik. \u00dc\u00e7 k\u0131ta \u00fczerindeki depolar\u0131m\u0131zdaki \u00e7e\u015fitli dizaynlar ve optimal geni\u015f\u2028depolama alanlar\u0131 sayesinde daha fazla servis. HIKRA\u00ae: uluslararas\u0131 ve ba\u015far\u0131l\u0131 bir EPC\u2028ve tedarik\u00e7ilerinden daha fazlas\u0131n\u0131 bekleyen kurulum \u015firketleri i\u00e7in kapsaml\u0131 kablolama\u2028\u00e7\u00f6z\u00fcmleri.<\/p>\n","protected":false},"featured_media":995,"template":"","meta":{"_acf_changed":false},"product_brand":[],"product_cat":[19,36],"product_tag":[],"class_list":{"0":"post-993","1":"product","2":"type-product","3":"status-publish","4":"has-post-thumbnail","6":"product_cat-all","7":"product_cat-his","9":"first","10":"instock","11":"shipping-taxable","12":"product-type-simple"},"acf":[],"_links":{"self":[{"href":"https:\/\/www.insightenerji.com\/en\/wp-json\/wp\/v2\/product\/993","targetHints":{"allow":["GET"]}}],"collection":[{"href":"https:\/\/www.insightenerji.com\/en\/wp-json\/wp\/v2\/product"}],"about":[{"href":"https:\/\/www.insightenerji.com\/en\/wp-json\/wp\/v2\/types\/product"}],"wp:featuredmedia":[{"embeddable":true,"href":"https:\/\/www.insightenerji.com\/en\/wp-json\/wp\/v2\/media\/995"}],"wp:attachment":[{"href":"https:\/\/www.insightenerji.com\/en\/wp-json\/wp\/v2\/media?parent=993"}],"wp:term":[{"taxonomy":"product_brand","embeddable":true,"href":"https:\/\/www.insightenerji.com\/en\/wp-json\/wp\/v2\/product_brand?post=993"},{"taxonomy":"product_cat","embeddable":true,"href":"https:\/\/www.insightenerji.com\/en\/wp-json\/wp\/v2\/product_cat?post=993"},{"taxonomy":"product_tag","embeddable":true,"href":"https:\/\/www.insightenerji.com\/en\/wp-json\/wp\/v2\/product_tag?post=993"}],"curies":[{"name":"wp","href":"https:\/\/api.w.org\/{rel}","templated":true}]}}