{"id":990,"date":"2024-12-11T09:33:44","date_gmt":"2024-12-11T09:33:44","guid":{"rendered":"https:\/\/www.re.net.tr\/ie\/?post_type=product&#038;p=990"},"modified":"2024-12-11T09:34:19","modified_gmt":"2024-12-11T09:34:19","slug":"goldblock-l700pro-l700proq","status":"publish","type":"product","link":"https:\/\/www.insightenerji.com\/en\/urun\/goldblock-l700pro-l700proq\/","title":{"rendered":"GOLDBLOCK L700PRO \u2013 L700PROQ"},"content":{"rendered":"<p><b>Geli\u015fmi\u015f G\u00fcvenlik<\/b><\/p>\n<ul>\n<li class=\"p1\">Ger\u00e7ek Zamanl\u0131 \u0130zleme<\/li>\n<li class=\"p1\">Geli\u015fmi\u015f G\u00fcvenlik Sistemi Tasar\u0131m\u0131<\/li>\n<li class=\"p1\">IEEE693 \u00dcst D\u00fczey Sismik Tasar\u0131m<\/li>\n<li class=\"p1\">Y\u00fcksek g\u00fcvenlik standard\u0131na sahip LFP pil<\/li>\n<li class=\"p1\">Paralel teknolojide DC minimum sistem g\u00fcvenli\u011fini art\u0131r\u0131r<\/li>\n<\/ul>\n<p><b>M\u00fckemmel Performans<\/b><\/p>\n<ul>\n<li class=\"p1\">Daha y\u00fcksek enerji yo\u011funlu\u011fu<\/li>\n<li class=\"p1\">Daha fazla kullan\u0131labilir enerji ile daha uzun ya\u015fam d\u00f6ng\u00fcs\u00fc<\/li>\n<li class=\"p1\">Tam ya\u015fam d\u00f6ng\u00fcs\u00fc kalite garantisi<\/li>\n<li class=\"p1\">Zay\u0131f \u015febeke\/mikro \u015febeke\/off-grid senaryolar i\u00e7in grid forming BESS<\/li>\n<li class=\"p1\">Pil degredasyonunu iyile\u015ftiren s\u0131v\u0131 so\u011futma teknolojisi<\/li>\n<li class=\"p1\">kW&#8217;dan GW&#8217;a uygulamalar i\u00e7in tamamen mod\u00fcler tasar\u0131m<\/li>\n<li class=\"p1\">T\u00fcm zincir boyunca aktif dengeleme (h\u00fccre, paket, muhafaza)<\/li>\n<li class=\"p1\">VRE ve IBR penetrasyon uzman\u0131<\/li>\n<li class=\"p1\">Geli\u015ftirilmi\u015f \u00e7evresel tolerans<\/li>\n<li class=\"p1\">Daha d\u00fc\u015f\u00fck i\u00e7 t\u00fcketim<\/li>\n<li class=\"p1\">Azalan LCOE, Artan gelir<\/li>\n<\/ul>\n<p><b>M\u00fckemmel Servis<\/b><\/p>\n<ul>\n<li class=\"p1\">\u00d6zelle\u015ftirilmi\u015f teknik hizmetler<\/li>\n<li class=\"p1\">Ak\u0131ll\u0131 operasyon ve bak\u0131m<\/li>\n<li class=\"p1\">Projeye \u00f6zel esnek \u00e7\u00f6z\u00fcmler<\/li>\n<\/ul>\n","protected":false},"excerpt":{"rendered":"<p>Geli\u015fmi\u015f G\u00fcvenlik Ger\u00e7ek Zamanl\u0131 \u0130zleme Geli\u015fmi\u015f G\u00fcvenlik Sistemi Tasar\u0131m\u0131 IEEE693 \u00dcst D\u00fczey Sismik Tasar\u0131m Y\u00fcksek g\u00fcvenlik standard\u0131na sahip LFP pil Paralel teknolojide DC minimum sistem g\u00fcvenli\u011fini art\u0131r\u0131r M\u00fckemmel Performans Daha y\u00fcksek enerji yo\u011funlu\u011fu Daha fazla kullan\u0131labilir enerji ile daha uzun ya\u015fam d\u00f6ng\u00fcs\u00fc Tam ya\u015fam d\u00f6ng\u00fcs\u00fc kalite garantisi Zay\u0131f \u015febeke\/mikro \u015febeke\/off-grid senaryolar i\u00e7in grid forming BESS [&hellip;]<\/p>\n","protected":false},"featured_media":991,"template":"","meta":{"_acf_changed":false},"product_brand":[],"product_cat":[19,35],"product_tag":[],"class_list":{"0":"post-990","1":"product","2":"type-product","3":"status-publish","4":"has-post-thumbnail","6":"product_cat-all","7":"product_cat-goldwind","9":"first","10":"instock","11":"shipping-taxable","12":"product-type-simple"},"acf":[],"_links":{"self":[{"href":"https:\/\/www.insightenerji.com\/en\/wp-json\/wp\/v2\/product\/990","targetHints":{"allow":["GET"]}}],"collection":[{"href":"https:\/\/www.insightenerji.com\/en\/wp-json\/wp\/v2\/product"}],"about":[{"href":"https:\/\/www.insightenerji.com\/en\/wp-json\/wp\/v2\/types\/product"}],"wp:featuredmedia":[{"embeddable":true,"href":"https:\/\/www.insightenerji.com\/en\/wp-json\/wp\/v2\/media\/991"}],"wp:attachment":[{"href":"https:\/\/www.insightenerji.com\/en\/wp-json\/wp\/v2\/media?parent=990"}],"wp:term":[{"taxonomy":"product_brand","embeddable":true,"href":"https:\/\/www.insightenerji.com\/en\/wp-json\/wp\/v2\/product_brand?post=990"},{"taxonomy":"product_cat","embeddable":true,"href":"https:\/\/www.insightenerji.com\/en\/wp-json\/wp\/v2\/product_cat?post=990"},{"taxonomy":"product_tag","embeddable":true,"href":"https:\/\/www.insightenerji.com\/en\/wp-json\/wp\/v2\/product_tag?post=990"}],"curies":[{"name":"wp","href":"https:\/\/api.w.org\/{rel}","templated":true}]}}