{"id":923,"date":"2024-12-10T20:28:24","date_gmt":"2024-12-10T20:28:24","guid":{"rendered":"https:\/\/www.re.net.tr\/ie\/?post_type=product&#038;p=923"},"modified":"2024-12-10T20:33:44","modified_gmt":"2024-12-10T20:33:44","slug":"sp-m10-144h-cygnus-perc-monofacial-540-560wp","status":"publish","type":"product","link":"https:\/\/www.insightenerji.com\/en\/urun\/sp-m10-144h-cygnus-perc-monofacial-540-560wp\/","title":{"rendered":"SP-M10-144H -CYGNUS  PERC Monofacial-(540-560Wp)"},"content":{"rendered":"<p><strong>Maksimum Verimlilik:<\/strong> % 21.7<br \/>\n<strong>H\u00fccre Tipi:<\/strong> 144 PERC monofacial<br \/>\n<strong>\u00d6n ve Arka Cam :<\/strong> 3.2 mm<br \/>\n<strong>G\u00fc\u00e7 Tolerans\u0131:<\/strong> 0, +5 W<br \/>\n<strong>Mod\u00fcl \u00d6l\u00e7\u00fcleri<\/strong>: 2278 \u00d7 1134 \u00d7 35 mm<br \/>\n<strong>\u00dcr\u00fcn Garantisi:<\/strong> 15 y\u0131l<br \/>\n<strong>Performans Garantisi:<\/strong> 25 y\u0131l, %84,8&#8217;e kadar lineer azalma<\/p>\n<ul>\n<li>Solar N Plus, TOPCon h\u00fccre ve mod\u00fcl \u00fcretimi yapan firmad\u0131r.<\/li>\n<li>10GW TOPCon h\u00fccre and mod\u00fcl kapasitesine sahiptir<\/li>\n<li>2GW Perc h\u00fccre ve mod\u00fcl kapasitesine sahiptir.<\/li>\n<li>200\u2019den fazla patent ba\u015fvurusu<\/li>\n<li>40\u2019dan fazla \u00fclkede operasyonlar\u0131 y\u00fcr\u00fctmektedir<\/li>\n<li>Solar N Plus mod\u00fclleri, Ping An Insurance of China ve Ariel Re taraf\u0131ndan sigortalanm\u0131\u015ft\u0131r.<\/li>\n<\/ul>\n","protected":false},"excerpt":{"rendered":"<p>Maksimum Verimlilik: % 21.7 H\u00fccre Tipi: 144 PERC monofacial \u00d6n ve Arka Cam : 3.2 mm G\u00fc\u00e7 Tolerans\u0131: 0, +5 W Mod\u00fcl \u00d6l\u00e7\u00fcleri: 2278 \u00d7 1134 \u00d7 35 mm \u00dcr\u00fcn Garantisi: 15 y\u0131l Performans Garantisi: 25 y\u0131l, %84,8&#8217;e kadar lineer azalma Solar N Plus, TOPCon h\u00fccre ve mod\u00fcl \u00fcretimi yapan firmad\u0131r. 10GW TOPCon h\u00fccre and [&hellip;]<\/p>\n","protected":false},"featured_media":929,"template":"","meta":{"_acf_changed":false},"product_brand":[],"product_cat":[19,33],"product_tag":[],"class_list":{"0":"post-923","1":"product","2":"type-product","3":"status-publish","4":"has-post-thumbnail","6":"product_cat-all","7":"product_cat-solarnplus","9":"first","10":"instock","11":"shipping-taxable","12":"product-type-simple"},"acf":[],"_links":{"self":[{"href":"https:\/\/www.insightenerji.com\/en\/wp-json\/wp\/v2\/product\/923","targetHints":{"allow":["GET"]}}],"collection":[{"href":"https:\/\/www.insightenerji.com\/en\/wp-json\/wp\/v2\/product"}],"about":[{"href":"https:\/\/www.insightenerji.com\/en\/wp-json\/wp\/v2\/types\/product"}],"wp:featuredmedia":[{"embeddable":true,"href":"https:\/\/www.insightenerji.com\/en\/wp-json\/wp\/v2\/media\/929"}],"wp:attachment":[{"href":"https:\/\/www.insightenerji.com\/en\/wp-json\/wp\/v2\/media?parent=923"}],"wp:term":[{"taxonomy":"product_brand","embeddable":true,"href":"https:\/\/www.insightenerji.com\/en\/wp-json\/wp\/v2\/product_brand?post=923"},{"taxonomy":"product_cat","embeddable":true,"href":"https:\/\/www.insightenerji.com\/en\/wp-json\/wp\/v2\/product_cat?post=923"},{"taxonomy":"product_tag","embeddable":true,"href":"https:\/\/www.insightenerji.com\/en\/wp-json\/wp\/v2\/product_tag?post=923"}],"curies":[{"name":"wp","href":"https:\/\/api.w.org\/{rel}","templated":true}]}}