{"id":910,"date":"2024-12-10T20:12:32","date_gmt":"2024-12-10T20:12:32","guid":{"rendered":"https:\/\/www.re.net.tr\/ie\/?post_type=product&#038;p=910"},"modified":"2024-12-10T20:25:18","modified_gmt":"2024-12-10T20:25:18","slug":"clou-mv-skid-solution","status":"publish","type":"product","link":"https:\/\/www.insightenerji.com\/en\/urun\/clou-mv-skid-solution\/","title":{"rendered":"CLOU MV-SKID SOLUTION"},"content":{"rendered":"<ul>\n<li>Transformat\u00f6r ile %98&#8217;e varan verim<\/li>\n<li>VSG, VF, PQ \u00e7al\u0131\u015fma modunu destekleyin<\/li>\n<li>Geni\u015f DC \u00e7al\u0131\u015fma voltaj\u0131 aral\u0131\u011f\u0131, 1500V tam y\u00fckte \u00e7al\u0131\u015fma<\/li>\n<li>Mod\u00fcler tasar\u0131m, kolay kurulum<\/li>\n<li>Ger\u00e7ek zamanl\u0131 aktif\/reaktif g\u00fc\u00e7 planlamas\u0131 ve LVRT\/HVRT i\u015flevi<\/li>\n<\/ul>\n","protected":false},"excerpt":{"rendered":"<p>Transformat\u00f6r ile %98&#8217;e varan verim VSG, VF, PQ \u00e7al\u0131\u015fma modunu destekleyin Geni\u015f DC \u00e7al\u0131\u015fma voltaj\u0131 aral\u0131\u011f\u0131, 1500V tam y\u00fckte \u00e7al\u0131\u015fma Mod\u00fcler tasar\u0131m, kolay kurulum Ger\u00e7ek zamanl\u0131 aktif\/reaktif g\u00fc\u00e7 planlamas\u0131 ve LVRT\/HVRT i\u015flevi<\/p>\n","protected":false},"featured_media":920,"template":"","meta":{"_acf_changed":false},"product_brand":[],"product_cat":[19,32],"product_tag":[],"class_list":{"0":"post-910","1":"product","2":"type-product","3":"status-publish","4":"has-post-thumbnail","6":"product_cat-all","7":"product_cat-clou","9":"first","10":"instock","11":"shipping-taxable","12":"product-type-simple"},"acf":[],"_links":{"self":[{"href":"https:\/\/www.insightenerji.com\/en\/wp-json\/wp\/v2\/product\/910","targetHints":{"allow":["GET"]}}],"collection":[{"href":"https:\/\/www.insightenerji.com\/en\/wp-json\/wp\/v2\/product"}],"about":[{"href":"https:\/\/www.insightenerji.com\/en\/wp-json\/wp\/v2\/types\/product"}],"wp:featuredmedia":[{"embeddable":true,"href":"https:\/\/www.insightenerji.com\/en\/wp-json\/wp\/v2\/media\/920"}],"wp:attachment":[{"href":"https:\/\/www.insightenerji.com\/en\/wp-json\/wp\/v2\/media?parent=910"}],"wp:term":[{"taxonomy":"product_brand","embeddable":true,"href":"https:\/\/www.insightenerji.com\/en\/wp-json\/wp\/v2\/product_brand?post=910"},{"taxonomy":"product_cat","embeddable":true,"href":"https:\/\/www.insightenerji.com\/en\/wp-json\/wp\/v2\/product_cat?post=910"},{"taxonomy":"product_tag","embeddable":true,"href":"https:\/\/www.insightenerji.com\/en\/wp-json\/wp\/v2\/product_tag?post=910"}],"curies":[{"name":"wp","href":"https:\/\/api.w.org\/{rel}","templated":true}]}}