{"id":907,"date":"2024-12-10T20:10:58","date_gmt":"2024-12-10T20:10:58","guid":{"rendered":"https:\/\/www.re.net.tr\/ie\/?post_type=product&#038;p=907"},"modified":"2024-12-10T20:10:58","modified_gmt":"2024-12-10T20:10:58","slug":"clou-guc-donusum-sistemi-pcs","status":"publish","type":"product","link":"https:\/\/www.insightenerji.com\/en\/urun\/clou-guc-donusum-sistemi-pcs\/","title":{"rendered":"CLOU G\u00dc\u00c7 D\u00d6N\u00dc\u015e\u00dcM S\u0130STEM\u0130 (PCS)"},"content":{"rendered":"<p><strong>Y\u00fcksek Verimlilik<\/strong><\/p>\n<ul>\n<li>ANPC \u00fc\u00e7 seviyeli topoloji<\/li>\n<\/ul>\n<p><strong>G\u00fcvenli ve G\u00fcvenilir<\/strong><\/p>\n<ul>\n<li>IP65 koruma seviyesi<\/li>\n<li>Tam elektrik koruma fonksiyonu<\/li>\n<\/ul>\n<p><strong>\u015eebeke Adaptasyonu<\/strong><\/p>\n<ul>\n<li>On-grid ve off-grid operasyonlarda \u00e7ok h\u0131zl\u0131 yan\u0131t; G\u00fc\u00e7 tepki s\u00fcresi&lt;20ms<\/li>\n<\/ul>\n","protected":false},"excerpt":{"rendered":"<p><a href=\"http:\/\/www.re.net.tr\/ii\/wp-content\/uploads\/2024\/12\/Clou-PCS-Datasheet.pdf\">DOWNLOAD TECHNICAL SHEET<\/a><\/p>\n","protected":false},"featured_media":908,"template":"","meta":{"_acf_changed":false},"product_brand":[],"product_cat":[19,32],"product_tag":[],"class_list":{"0":"post-907","1":"product","2":"type-product","3":"status-publish","4":"has-post-thumbnail","6":"product_cat-all","7":"product_cat-clou","9":"first","10":"instock","11":"shipping-taxable","12":"product-type-simple"},"acf":[],"_links":{"self":[{"href":"https:\/\/www.insightenerji.com\/en\/wp-json\/wp\/v2\/product\/907","targetHints":{"allow":["GET"]}}],"collection":[{"href":"https:\/\/www.insightenerji.com\/en\/wp-json\/wp\/v2\/product"}],"about":[{"href":"https:\/\/www.insightenerji.com\/en\/wp-json\/wp\/v2\/types\/product"}],"wp:featuredmedia":[{"embeddable":true,"href":"https:\/\/www.insightenerji.com\/en\/wp-json\/wp\/v2\/media\/908"}],"wp:attachment":[{"href":"https:\/\/www.insightenerji.com\/en\/wp-json\/wp\/v2\/media?parent=907"}],"wp:term":[{"taxonomy":"product_brand","embeddable":true,"href":"https:\/\/www.insightenerji.com\/en\/wp-json\/wp\/v2\/product_brand?post=907"},{"taxonomy":"product_cat","embeddable":true,"href":"https:\/\/www.insightenerji.com\/en\/wp-json\/wp\/v2\/product_cat?post=907"},{"taxonomy":"product_tag","embeddable":true,"href":"https:\/\/www.insightenerji.com\/en\/wp-json\/wp\/v2\/product_tag?post=907"}],"curies":[{"name":"wp","href":"https:\/\/api.w.org\/{rel}","templated":true}]}}