{"id":898,"date":"2024-12-10T20:06:26","date_gmt":"2024-12-10T20:06:26","guid":{"rendered":"https:\/\/www.re.net.tr\/ie\/?post_type=product&#038;p=898"},"modified":"2024-12-10T20:06:49","modified_gmt":"2024-12-10T20:06:49","slug":"clou-aqua-e-series-ci","status":"publish","type":"product","link":"https:\/\/www.insightenerji.com\/en\/urun\/clou-aqua-e-series-ci\/","title":{"rendered":"CLOU AQUA E SERIES \u2013 C&#038;I"},"content":{"rendered":"<p><strong>Verimli Kurulum<\/strong><\/p>\n<ul>\n<li>All-in-one dizayn<\/li>\n<li>Y\u00fcksek d\u00fczeyde entegre (%10 daha az ayak izi)<\/li>\n<\/ul>\n<p><strong>Ak\u0131ll\u0131 Optimizasyon<\/strong><\/p>\n<ul>\n<li>Ak\u0131ll\u0131 terazi teknolojisi<\/li>\n<li>Sistem verimlili\u011fi \u2265 92%<\/li>\n<li>Ak\u0131ll\u0131 operasyon ve bak\u0131m<\/li>\n<li>Tamamen yapay zeka destekli i\u015fletme ve bak\u0131m<\/li>\n<li>Ger\u00e7ek zamanl\u0131 bulut izleme<\/li>\n<\/ul>\n<p><strong>M\u00fckemmel Servis<\/strong><\/p>\n<ul>\n<li>\u00d6zelle\u015ftirilmi\u015f teknik hizmetler<\/li>\n<li>Projeye \u00f6zel \u00e7\u00f6z\u00fcmler<\/li>\n<\/ul>\n","protected":false},"excerpt":{"rendered":"<p>Verimli Kurulum All-in-one dizayn Y\u00fcksek d\u00fczeyde entegre (%10 daha az ayak izi) Ak\u0131ll\u0131 Optimizasyon Ak\u0131ll\u0131 terazi teknolojisi Sistem verimlili\u011fi \u2265 92% Ak\u0131ll\u0131 operasyon ve bak\u0131m Tamamen yapay zeka destekli i\u015fletme ve bak\u0131m Ger\u00e7ek zamanl\u0131 bulut izleme M\u00fckemmel Servis \u00d6zelle\u015ftirilmi\u015f teknik hizmetler Projeye \u00f6zel \u00e7\u00f6z\u00fcmler<\/p>\n","protected":false},"featured_media":903,"template":"","meta":{"_acf_changed":false},"product_brand":[],"product_cat":[19,32],"product_tag":[],"class_list":{"0":"post-898","1":"product","2":"type-product","3":"status-publish","4":"has-post-thumbnail","6":"product_cat-all","7":"product_cat-clou","9":"first","10":"instock","11":"shipping-taxable","12":"product-type-simple"},"acf":[],"_links":{"self":[{"href":"https:\/\/www.insightenerji.com\/en\/wp-json\/wp\/v2\/product\/898","targetHints":{"allow":["GET"]}}],"collection":[{"href":"https:\/\/www.insightenerji.com\/en\/wp-json\/wp\/v2\/product"}],"about":[{"href":"https:\/\/www.insightenerji.com\/en\/wp-json\/wp\/v2\/types\/product"}],"wp:featuredmedia":[{"embeddable":true,"href":"https:\/\/www.insightenerji.com\/en\/wp-json\/wp\/v2\/media\/903"}],"wp:attachment":[{"href":"https:\/\/www.insightenerji.com\/en\/wp-json\/wp\/v2\/media?parent=898"}],"wp:term":[{"taxonomy":"product_brand","embeddable":true,"href":"https:\/\/www.insightenerji.com\/en\/wp-json\/wp\/v2\/product_brand?post=898"},{"taxonomy":"product_cat","embeddable":true,"href":"https:\/\/www.insightenerji.com\/en\/wp-json\/wp\/v2\/product_cat?post=898"},{"taxonomy":"product_tag","embeddable":true,"href":"https:\/\/www.insightenerji.com\/en\/wp-json\/wp\/v2\/product_tag?post=898"}],"curies":[{"name":"wp","href":"https:\/\/api.w.org\/{rel}","templated":true}]}}