{"id":892,"date":"2024-12-10T20:01:53","date_gmt":"2024-12-10T20:01:53","guid":{"rendered":"https:\/\/www.re.net.tr\/ie\/?post_type=product&#038;p=892"},"modified":"2024-12-10T20:07:22","modified_gmt":"2024-12-10T20:07:22","slug":"1-clou-aqua-c-series-utility","status":"publish","type":"product","link":"https:\/\/www.insightenerji.com\/en\/urun\/1-clou-aqua-c-series-utility\/","title":{"rendered":"1. CLOU AQUA C SERIES &#8211; UTILITY"},"content":{"rendered":"<p><strong>M\u00fckemmel G\u00fcvenlik<\/strong><\/p>\n<ul>\n<li>Ger\u00e7ek Zamanl\u0131 \u0130zleme<\/li>\n<li>Geli\u015fmi\u015f G\u00fcvenlik Sistemi Tasar\u0131m\u0131<\/li>\n<li>IEEE693 \u00dcst D\u00fczey Sismik Tasar\u0131m<\/li>\n<\/ul>\n<p><strong>M\u00fckemmel Performans<\/strong><\/p>\n<ul>\n<li>Daha y\u00fcksek enerji yo\u011funlu\u011fu<\/li>\n<li>Daha fazla kullan\u0131labilir enerji ile daha uzun ya\u015fam d\u00f6ng\u00fcs\u00fc<\/li>\n<li>Geli\u015ftirilmi\u015f \u00e7evresel tolerans<\/li>\n<li>Geli\u015ftirilmi\u015f kullan\u0131labilirlik<\/li>\n<li>Daha d\u00fc\u015f\u00fck i\u00e7 t\u00fcketim<\/li>\n<li>Azalan LCOE, Artan gelir<\/li>\n<li>T\u00fcm zincir boyunca aktif dengeleme (h\u00fccre, paket, muhafaza)<\/li>\n<\/ul>\n<p><strong>M\u00fckemmel Servis<\/strong><\/p>\n<ul>\n<li>\u00d6zelle\u015ftirilmi\u015f teknik hizmetler<\/li>\n<li>Ak\u0131ll\u0131 operasyon ve bak\u0131m<\/li>\n<li>Projeye \u00f6zel esnek \u00e7\u00f6z\u00fcmler<\/li>\n<\/ul>\n","protected":false},"excerpt":{"rendered":"<p>M\u00fckemmel G\u00fcvenlik Ger\u00e7ek Zamanl\u0131 \u0130zleme Geli\u015fmi\u015f G\u00fcvenlik Sistemi Tasar\u0131m\u0131 IEEE693 \u00dcst D\u00fczey Sismik Tasar\u0131m M\u00fckemmel Performans Daha y\u00fcksek enerji yo\u011funlu\u011fu Daha fazla kullan\u0131labilir enerji ile daha uzun ya\u015fam d\u00f6ng\u00fcs\u00fc Geli\u015ftirilmi\u015f \u00e7evresel tolerans Geli\u015ftirilmi\u015f kullan\u0131labilirlik Daha d\u00fc\u015f\u00fck i\u00e7 t\u00fcketim Azalan LCOE, Artan gelir T\u00fcm zincir boyunca aktif dengeleme (h\u00fccre, paket, muhafaza) M\u00fckemmel Servis \u00d6zelle\u015ftirilmi\u015f teknik hizmetler [&hellip;]<\/p>\n","protected":false},"featured_media":893,"template":"","meta":{"_acf_changed":false},"product_brand":[],"product_cat":[19,32],"product_tag":[],"class_list":{"0":"post-892","1":"product","2":"type-product","3":"status-publish","4":"has-post-thumbnail","6":"product_cat-all","7":"product_cat-clou","9":"first","10":"instock","11":"shipping-taxable","12":"product-type-simple"},"acf":[],"_links":{"self":[{"href":"https:\/\/www.insightenerji.com\/en\/wp-json\/wp\/v2\/product\/892","targetHints":{"allow":["GET"]}}],"collection":[{"href":"https:\/\/www.insightenerji.com\/en\/wp-json\/wp\/v2\/product"}],"about":[{"href":"https:\/\/www.insightenerji.com\/en\/wp-json\/wp\/v2\/types\/product"}],"wp:featuredmedia":[{"embeddable":true,"href":"https:\/\/www.insightenerji.com\/en\/wp-json\/wp\/v2\/media\/893"}],"wp:attachment":[{"href":"https:\/\/www.insightenerji.com\/en\/wp-json\/wp\/v2\/media?parent=892"}],"wp:term":[{"taxonomy":"product_brand","embeddable":true,"href":"https:\/\/www.insightenerji.com\/en\/wp-json\/wp\/v2\/product_brand?post=892"},{"taxonomy":"product_cat","embeddable":true,"href":"https:\/\/www.insightenerji.com\/en\/wp-json\/wp\/v2\/product_cat?post=892"},{"taxonomy":"product_tag","embeddable":true,"href":"https:\/\/www.insightenerji.com\/en\/wp-json\/wp\/v2\/product_tag?post=892"}],"curies":[{"name":"wp","href":"https:\/\/api.w.org\/{rel}","templated":true}]}}