{"id":756,"date":"2024-12-24T10:05:32","date_gmt":"2024-12-24T10:05:32","guid":{"rendered":"https:\/\/www.re.net.tr\/ie\/?post_type=product&#038;p=756"},"modified":"2024-12-30T12:48:05","modified_gmt":"2024-12-30T12:48:05","slug":"sg125hx","status":"publish","type":"product","link":"https:\/\/www.insightenerji.com\/en\/urun\/sg125hx\/","title":{"rendered":"SG125HX"},"content":{"rendered":"<h4 class=\"p1\">1500 Vdc Sistem i\u00e7in \u00c7oklu-MPPT D\u0130Z\u0130 \u0130NVERT\u00d6R<\/h4>\n<ul>\n<li class=\"p1\">800VAC \/ 1600V DC ARAZ\u0130 UYGULAMA<\/li>\n<li class=\"p1\">40 DERECE ORTAM SICAKLI\u011eINDA 125kW AC G\u00dc\u00c7<\/li>\n<li class=\"p1\">6MPPT \u0130LE Y\u00dcKSEK OPT\u0130M\u0130ZASYON<\/li>\n<li class=\"p1\">30A MPPT \/15A STRING AKIMI \u0130LE Y\u00dcKSEK AKIMLI(BIFACIAL)PANELLERDE KAYIPSIZ \u00dcRET\u0130M<\/li>\n<li class=\"p1\">10mm2 DC KABLO G\u0130R\u0130\u015e DESTE\u011e\u0130<\/li>\n<li class=\"p1\">C5 KOROZYON VE IP66 DAYANIMI \u0130LE HER T\u00dcRL\u00dc ORTAMDA \u00c7ALI\u015eMA KAB\u0130LEYET\u0130<\/li>\n<li class=\"p1\">DAH\u0130L\u0130 \u201cANTI PID\u201d ve\u201cPID RECOVERY\u201d \u00d6ZELL\u0130\u011e\u0130 \u0130LE UZUN \u00d6M\u00dcRL\u00dc PANELLER<\/li>\n<li class=\"p1\">T\u00dcV SERT\u0130F\u0130KALI S\u0130M\u00dcLASYON \u0130LE GER\u00c7EK \u00dcRET\u0130M PROJEKS\u0130YONU<\/li>\n<\/ul>\n","protected":false},"excerpt":{"rendered":"<p>1500 Vdc Sistem i\u00e7in \u00c7oklu-MPPT D\u0130Z\u0130 \u0130NVERT\u00d6R 800VAC \/ 1600V DC ARAZ\u0130 UYGULAMA 40 DERECE ORTAM SICAKLI\u011eINDA 125kW AC G\u00dc\u00c7 6MPPT \u0130LE Y\u00dcKSEK OPT\u0130M\u0130ZASYON 30A MPPT \/15A STRING AKIMI \u0130LE Y\u00dcKSEK AKIMLI(BIFACIAL)PANELLERDE KAYIPSIZ \u00dcRET\u0130M 10mm2 DC KABLO G\u0130R\u0130\u015e DESTE\u011e\u0130 C5 KOROZYON VE IP66 DAYANIMI \u0130LE HER T\u00dcRL\u00dc ORTAMDA \u00c7ALI\u015eMA KAB\u0130LEYET\u0130 DAH\u0130L\u0130 \u201cANTI PID\u201d ve\u201cPID RECOVERY\u201d [&hellip;]<\/p>\n","protected":false},"featured_media":757,"template":"","meta":{"_acf_changed":false},"product_brand":[],"product_cat":[19,29],"product_tag":[],"class_list":{"0":"post-756","1":"product","2":"type-product","3":"status-publish","4":"has-post-thumbnail","6":"product_cat-all","7":"product_cat-sungrow","9":"first","10":"instock","11":"shipping-taxable","12":"product-type-simple"},"acf":[],"_links":{"self":[{"href":"https:\/\/www.insightenerji.com\/en\/wp-json\/wp\/v2\/product\/756","targetHints":{"allow":["GET"]}}],"collection":[{"href":"https:\/\/www.insightenerji.com\/en\/wp-json\/wp\/v2\/product"}],"about":[{"href":"https:\/\/www.insightenerji.com\/en\/wp-json\/wp\/v2\/types\/product"}],"wp:featuredmedia":[{"embeddable":true,"href":"https:\/\/www.insightenerji.com\/en\/wp-json\/wp\/v2\/media\/757"}],"wp:attachment":[{"href":"https:\/\/www.insightenerji.com\/en\/wp-json\/wp\/v2\/media?parent=756"}],"wp:term":[{"taxonomy":"product_brand","embeddable":true,"href":"https:\/\/www.insightenerji.com\/en\/wp-json\/wp\/v2\/product_brand?post=756"},{"taxonomy":"product_cat","embeddable":true,"href":"https:\/\/www.insightenerji.com\/en\/wp-json\/wp\/v2\/product_cat?post=756"},{"taxonomy":"product_tag","embeddable":true,"href":"https:\/\/www.insightenerji.com\/en\/wp-json\/wp\/v2\/product_tag?post=756"}],"curies":[{"name":"wp","href":"https:\/\/api.w.org\/{rel}","templated":true}]}}