{"id":751,"date":"2024-12-23T10:01:46","date_gmt":"2024-12-23T10:01:46","guid":{"rendered":"https:\/\/www.re.net.tr\/ie\/?post_type=product&#038;p=751"},"modified":"2024-12-30T12:47:59","modified_gmt":"2024-12-30T12:47:59","slug":"sg250hx","status":"publish","type":"product","link":"https:\/\/www.insightenerji.com\/en\/urun\/sg250hx\/","title":{"rendered":"SG250HX"},"content":{"rendered":"<h4 class=\"p1\">1500 Vdc Sistem i\u00e7in \u00c7oklu-MPPT D\u0130Z\u0130 \u0130NVERT\u00d6R<\/h4>\n<ul>\n<li>800VAC \/ 1600V DC ARAZ\u0130 UYGULAMA<\/li>\n<li>30 DERECE ORTAM SICAKLI\u011eINDA 250kW AC G\u00dc\u00c7 \/40 DERECE 225kW<\/li>\n<li>12MPPT \u0130LE Y\u00dcKSEK OPT\u0130M\u0130ZASYON<\/li>\n<li>30A MPPT \/15A STRING AKIMI \u0130LE Y\u00dcKSEK AKIMLI(BIFACIAL)PANELLERDE KAYIPSIZ \u00dcRET\u0130M<\/li>\n<li>10mm2 DC KABLO G\u0130R\u0130\u015e DESTE\u011e\u0130<\/li>\n<li>C5 KOROZYON VE IP66 DAYANIMI \u0130LE HER T\u00dcRL\u00dc ORTAMDA \u00c7ALI\u015eMA KAB\u0130LEYET\u0130<\/li>\n<li>DAH\u0130L\u0130 \u201cANTI PID\u201d ve\u201cPID RECOVERY\u201d \u00d6ZELL\u0130\u011e\u0130 \u0130LE UZUN \u00d6M\u00dcRL\u00dc PANELLER<\/li>\n<li>T\u00dcV SERT\u0130F\u0130KALI S\u0130M\u00dcLASYON \u0130LE GER\u00c7EK \u00dcRET\u0130M PROJEKS\u0130YONU<\/li>\n<\/ul>\n","protected":false},"excerpt":{"rendered":"<p>1500 Vdc Sistem i\u00e7in \u00c7oklu-MPPT D\u0130Z\u0130 \u0130NVERT\u00d6R 800VAC \/ 1600V DC ARAZ\u0130 UYGULAMA 30 DERECE ORTAM SICAKLI\u011eINDA 250kW AC G\u00dc\u00c7 \/40 DERECE 225kW 12MPPT \u0130LE Y\u00dcKSEK OPT\u0130M\u0130ZASYON 30A MPPT \/15A STRING AKIMI \u0130LE Y\u00dcKSEK AKIMLI(BIFACIAL)PANELLERDE KAYIPSIZ \u00dcRET\u0130M 10mm2 DC KABLO G\u0130R\u0130\u015e DESTE\u011e\u0130 C5 KOROZYON VE IP66 DAYANIMI \u0130LE HER T\u00dcRL\u00dc ORTAMDA \u00c7ALI\u015eMA KAB\u0130LEYET\u0130 DAH\u0130L\u0130 \u201cANTI [&hellip;]<\/p>\n","protected":false},"featured_media":754,"template":"","meta":{"_acf_changed":false},"product_brand":[],"product_cat":[19,29],"product_tag":[],"class_list":{"0":"post-751","1":"product","2":"type-product","3":"status-publish","4":"has-post-thumbnail","6":"product_cat-all","7":"product_cat-sungrow","9":"first","10":"instock","11":"shipping-taxable","12":"product-type-simple"},"acf":[],"_links":{"self":[{"href":"https:\/\/www.insightenerji.com\/en\/wp-json\/wp\/v2\/product\/751","targetHints":{"allow":["GET"]}}],"collection":[{"href":"https:\/\/www.insightenerji.com\/en\/wp-json\/wp\/v2\/product"}],"about":[{"href":"https:\/\/www.insightenerji.com\/en\/wp-json\/wp\/v2\/types\/product"}],"wp:featuredmedia":[{"embeddable":true,"href":"https:\/\/www.insightenerji.com\/en\/wp-json\/wp\/v2\/media\/754"}],"wp:attachment":[{"href":"https:\/\/www.insightenerji.com\/en\/wp-json\/wp\/v2\/media?parent=751"}],"wp:term":[{"taxonomy":"product_brand","embeddable":true,"href":"https:\/\/www.insightenerji.com\/en\/wp-json\/wp\/v2\/product_brand?post=751"},{"taxonomy":"product_cat","embeddable":true,"href":"https:\/\/www.insightenerji.com\/en\/wp-json\/wp\/v2\/product_cat?post=751"},{"taxonomy":"product_tag","embeddable":true,"href":"https:\/\/www.insightenerji.com\/en\/wp-json\/wp\/v2\/product_tag?post=751"}],"curies":[{"name":"wp","href":"https:\/\/api.w.org\/{rel}","templated":true}]}}