{"id":745,"date":"2024-12-22T09:53:12","date_gmt":"2024-12-22T09:53:12","guid":{"rendered":"https:\/\/www.re.net.tr\/ie\/?post_type=product&#038;p=745"},"modified":"2024-12-30T12:47:54","modified_gmt":"2024-12-30T12:47:54","slug":"sg350hx-20","status":"publish","type":"product","link":"https:\/\/www.insightenerji.com\/en\/urun\/sg350hx-20\/","title":{"rendered":"SG350HX-20"},"content":{"rendered":"<h4 class=\"p1\">Multi-MPPT String Inverter for <span class=\"s1\">1500 Vdc<\/span> System<\/h4>\n<ul>\n<li class=\"p1\">800VAC \/ 1600V DC ARAZ\u0130 UYGULAMA<\/li>\n<li class=\"p1\">30 DERECE ORTAM SICAKLI\u011eINDA 352kW AC G\u00dc\u00c7 \/40 DERECE 320kW<\/li>\n<li class=\"p1\">6MPPT-75A \/15A STRING AKIMI \u0130LE Y\u00dcKSEK AKIMLI(BIFACIAL)PANELLERDE KAYIPSIZ \u00dcRET\u0130M<\/li>\n<li class=\"p1\">10mm2 DC KABLO G\u0130R\u0130\u015e DESTE\u011e\u0130<\/li>\n<li class=\"p1\">AC \u00c7\u0130FT DEVRE KABLO G\u0130R\u0130\u015e DESTE\u011e\u0130 \u0130LE DAHA D\u00dc\u015e\u00dcK YATIRIM MAL\u0130YET\u0130<\/li>\n<li class=\"p1\">C5 KOROZYON VE IP66 DAYANIMI \u0130LE HER T\u00dcRL\u00dc ORTAMDA \u00c7ALI\u015eMA KAB\u0130LEYET\u0130<\/li>\n<li class=\"p1\">24 SAAT AC \u0130ZOLASYON \u0130ZLEME \u0130LE GER\u00c7EK IT S\u0130STEM KORUMA<\/li>\n<li class=\"p1\">DAH\u0130L\u0130 \u201cANTI PID\u201d ve\u201cPID RECOVERY\u201d \u00d6ZELL\u0130\u011e\u0130 \u0130LE UZUN \u00d6M\u00dcRL\u00dc PANELLER<\/li>\n<li class=\"p1\">T\u00dcV SERT\u0130F\u0130KALI S\u0130M\u00dcLASYON \u0130LE GER\u00c7EK \u00dcRET\u0130M PROJEKS\u0130YONU<\/li>\n<\/ul>\n","protected":false},"excerpt":{"rendered":"<p>Multi-MPPT String Inverter for 1500 Vdc System 800VAC \/ 1600V DC ARAZ\u0130 UYGULAMA 30 DERECE ORTAM SICAKLI\u011eINDA 352kW AC G\u00dc\u00c7 \/40 DERECE 320kW 6MPPT-75A \/15A STRING AKIMI \u0130LE Y\u00dcKSEK AKIMLI(BIFACIAL)PANELLERDE KAYIPSIZ \u00dcRET\u0130M 10mm2 DC KABLO G\u0130R\u0130\u015e DESTE\u011e\u0130 AC \u00c7\u0130FT DEVRE KABLO G\u0130R\u0130\u015e DESTE\u011e\u0130 \u0130LE DAHA D\u00dc\u015e\u00dcK YATIRIM MAL\u0130YET\u0130 C5 KOROZYON VE IP66 DAYANIMI \u0130LE HER [&hellip;]<\/p>\n","protected":false},"featured_media":748,"template":"","meta":{"_acf_changed":false},"product_brand":[],"product_cat":[19,29],"product_tag":[],"class_list":{"0":"post-745","1":"product","2":"type-product","3":"status-publish","4":"has-post-thumbnail","6":"product_cat-all","7":"product_cat-sungrow","9":"first","10":"instock","11":"shipping-taxable","12":"product-type-simple"},"acf":[],"_links":{"self":[{"href":"https:\/\/www.insightenerji.com\/en\/wp-json\/wp\/v2\/product\/745","targetHints":{"allow":["GET"]}}],"collection":[{"href":"https:\/\/www.insightenerji.com\/en\/wp-json\/wp\/v2\/product"}],"about":[{"href":"https:\/\/www.insightenerji.com\/en\/wp-json\/wp\/v2\/types\/product"}],"wp:featuredmedia":[{"embeddable":true,"href":"https:\/\/www.insightenerji.com\/en\/wp-json\/wp\/v2\/media\/748"}],"wp:attachment":[{"href":"https:\/\/www.insightenerji.com\/en\/wp-json\/wp\/v2\/media?parent=745"}],"wp:term":[{"taxonomy":"product_brand","embeddable":true,"href":"https:\/\/www.insightenerji.com\/en\/wp-json\/wp\/v2\/product_brand?post=745"},{"taxonomy":"product_cat","embeddable":true,"href":"https:\/\/www.insightenerji.com\/en\/wp-json\/wp\/v2\/product_cat?post=745"},{"taxonomy":"product_tag","embeddable":true,"href":"https:\/\/www.insightenerji.com\/en\/wp-json\/wp\/v2\/product_tag?post=745"}],"curies":[{"name":"wp","href":"https:\/\/api.w.org\/{rel}","templated":true}]}}