{"id":736,"date":"2024-12-21T08:44:12","date_gmt":"2024-12-21T08:44:12","guid":{"rendered":"https:\/\/www.re.net.tr\/ie\/?post_type=product&#038;p=736"},"modified":"2024-12-30T12:47:50","modified_gmt":"2024-12-30T12:47:50","slug":"sg350hx","status":"publish","type":"product","link":"https:\/\/www.insightenerji.com\/en\/urun\/sg350hx\/","title":{"rendered":"SG350HX"},"content":{"rendered":"<div class=\"page\" title=\"Page 1\">\n<div class=\"section\">\n<div class=\"layoutArea\">\n<div class=\"column\">\n<h4>1500 Vdc Sistem ic\u0327in C\u0327oklu-MPPT D\u0130Z\u0130 \u0130NVERT\u00d6R<\/h4>\n<\/div>\n<\/div>\n<\/div>\n<\/div>\n<ul>\n<li>800VAC \/ 1600V DC ARAZ\u0130 UYGULAMA<\/li>\n<li>30 DERECE ORTAM SICAKLI\u011eINDA 352kW AC G\u00dc\u00c7 \/ 40 DERECE 320kW<\/li>\n<li>16MPPT \u0130LE Y\u00dcKSEK OPT\u0130M\u0130ZASYON<\/li>\n<li>30A MPPT \/15A STRING AKIMI \u0130LE Y\u00dcKSEK AKIMLI(BIFACIAL)PANELLERDE KAYIPSIZ \u00dcRET\u0130M<\/li>\n<li>10mm2 DC KABLO G\u0130R\u0130\u015e DESTE\u011e\u0130<\/li>\n<li>AC \u00c7\u0130FT DEVRE KABLO G\u0130R\u0130\u015e DESTE\u011e\u0130 \u0130LE DAHA D\u00dc\u015e\u00dcK YATIRIM MAL\u0130YET\u0130<\/li>\n<li>C5 KOROZYON VE IP66 DAYANIMI \u0130LE HER T\u00dcRL\u00dc ORTAMDA \u00c7ALI\u015eMA KAB\u0130LEYET\u0130<\/li>\n<li>24 SAAT AC \u0130ZOLASYON \u0130ZLEME \u0130LE GER\u00c7EK IT S\u0130STEM KORUMA<\/li>\n<li>DAH\u0130L\u0130 \u201cANTI PID\u201d ve\u201cPID RECOVERY\u201d \u00d6ZELL\u0130\u011e\u0130 \u0130LE UZUN \u00d6M\u00dcRL\u00dc PANELLER<\/li>\n<li>T\u00dcV SERT\u0130F\u0130KALI S\u0130M\u00dcLASYON \u0130LE GER\u00c7EK \u00dcRET\u0130M PROJEKS\u0130YONU<\/li>\n<\/ul>\n","protected":false},"excerpt":{"rendered":"<p>1500 Vdc Sistem ic\u0327in C\u0327oklu-MPPT D\u0130Z\u0130 \u0130NVERT\u00d6R 800VAC \/ 1600V DC ARAZ\u0130 UYGULAMA 30 DERECE ORTAM SICAKLI\u011eINDA 352kW AC G\u00dc\u00c7 \/ 40 DERECE 320kW 16MPPT \u0130LE Y\u00dcKSEK OPT\u0130M\u0130ZASYON 30A MPPT \/15A STRING AKIMI \u0130LE Y\u00dcKSEK AKIMLI(BIFACIAL)PANELLERDE KAYIPSIZ \u00dcRET\u0130M 10mm2 DC KABLO G\u0130R\u0130\u015e DESTE\u011e\u0130 AC \u00c7\u0130FT DEVRE KABLO G\u0130R\u0130\u015e DESTE\u011e\u0130 \u0130LE DAHA D\u00dc\u015e\u00dcK YATIRIM MAL\u0130YET\u0130 C5 [&hellip;]<\/p>\n","protected":false},"featured_media":738,"template":"","meta":{"_acf_changed":false},"product_brand":[],"product_cat":[19,29],"product_tag":[],"class_list":{"0":"post-736","1":"product","2":"type-product","3":"status-publish","4":"has-post-thumbnail","6":"product_cat-all","7":"product_cat-sungrow","9":"first","10":"instock","11":"shipping-taxable","12":"product-type-simple"},"acf":[],"_links":{"self":[{"href":"https:\/\/www.insightenerji.com\/en\/wp-json\/wp\/v2\/product\/736","targetHints":{"allow":["GET"]}}],"collection":[{"href":"https:\/\/www.insightenerji.com\/en\/wp-json\/wp\/v2\/product"}],"about":[{"href":"https:\/\/www.insightenerji.com\/en\/wp-json\/wp\/v2\/types\/product"}],"wp:featuredmedia":[{"embeddable":true,"href":"https:\/\/www.insightenerji.com\/en\/wp-json\/wp\/v2\/media\/738"}],"wp:attachment":[{"href":"https:\/\/www.insightenerji.com\/en\/wp-json\/wp\/v2\/media?parent=736"}],"wp:term":[{"taxonomy":"product_brand","embeddable":true,"href":"https:\/\/www.insightenerji.com\/en\/wp-json\/wp\/v2\/product_brand?post=736"},{"taxonomy":"product_cat","embeddable":true,"href":"https:\/\/www.insightenerji.com\/en\/wp-json\/wp\/v2\/product_cat?post=736"},{"taxonomy":"product_tag","embeddable":true,"href":"https:\/\/www.insightenerji.com\/en\/wp-json\/wp\/v2\/product_tag?post=736"}],"curies":[{"name":"wp","href":"https:\/\/api.w.org\/{rel}","templated":true}]}}