{"id":727,"date":"2024-12-20T08:29:50","date_gmt":"2024-12-20T08:29:50","guid":{"rendered":"https:\/\/www.re.net.tr\/ie\/?post_type=product&#038;p=727"},"modified":"2024-12-30T12:47:45","modified_gmt":"2024-12-30T12:47:45","slug":"sg125cx-p2","status":"publish","type":"product","link":"https:\/\/www.insightenerji.com\/en\/urun\/sg125cx-p2\/","title":{"rendered":"SG125CX-P2"},"content":{"rendered":"<h4 class=\"p1\"><strong><span class=\"s1\">1000 Vdc<\/span> Sistemi i\u00e7in \u00c7oklu-MPPT <\/strong>D\u0130Z\u0130 \u0130NVERT\u00d6R<\/h4>\n<ul>\n<li class=\"p1\">400VAC \/ 1000V DC T\u0130CAR\u0130 \u00c7\u00d6Z\u00dcM<\/li>\n<li class=\"p1\">45 DERECE ORTAM SICAKLI\u011eINDA 125kW AC G\u00dc\u00c7<\/li>\n<li class=\"p1\">12MPPT \u0130LE Y\u00dcKSEK OPT\u0130M\u0130ZASYON<\/li>\n<li class=\"p1\">30A MPPT \/15A STRING AKIMI \u0130LE Y\u00dcKSEK AKIMLI PANELLERDE KAYIPSIZ \u00dcRET\u0130M<\/li>\n<li class=\"p1\">GLOBAL MMPT YAZILIMI \u0130LE G\u00d6LGELENMEDE EN AZ G\u00dc\u00c7 KAYBI<\/li>\n<li class=\"p1\">C5 KOROZYON VE IP66 DAYANIMI \u0130LE HER T\u00dcRL\u00dc ORTAMDA \u00c7ALI\u015eMA KAB\u0130LEYET\u0130<\/li>\n<li class=\"p1\">DC T\u0130P1+2 PARAFUDR \u0130LE Y\u00dcKSEK G\u00dcVENL\u0130K<\/li>\n<li class=\"p1\">AFCI \u00d6ZELL\u0130\u011e\u0130 \u0130LE YATIRIM G\u00dcVENL\u0130\u011e\u0130<\/li>\n<li class=\"p1\">DAH\u0130L\u0130 \u201cPID RECOVERY\u201d \u00d6ZELL\u0130\u011e\u0130 \u0130LE UZUN \u00d6M\u00dcRL\u00dc PANELLER<\/li>\n<li class=\"p1\">T\u00dcV SERT\u0130F\u0130KALI S\u0130M\u00dcLASYON \u0130LE GER\u00c7EK \u00dcRET\u0130M PROJEKS\u0130YONU<\/li>\n<\/ul>\n","protected":false},"excerpt":{"rendered":"<p>1000 Vdc Sistemi i\u00e7in \u00c7oklu-MPPT D\u0130Z\u0130 \u0130NVERT\u00d6R 400VAC \/ 1000V DC T\u0130CAR\u0130 \u00c7\u00d6Z\u00dcM 45 DERECE ORTAM SICAKLI\u011eINDA 125kW AC G\u00dc\u00c7 12MPPT \u0130LE Y\u00dcKSEK OPT\u0130M\u0130ZASYON 30A MPPT \/15A STRING AKIMI \u0130LE Y\u00dcKSEK AKIMLI PANELLERDE KAYIPSIZ \u00dcRET\u0130M GLOBAL MMPT YAZILIMI \u0130LE G\u00d6LGELENMEDE EN AZ G\u00dc\u00c7 KAYBI C5 KOROZYON VE IP66 DAYANIMI \u0130LE HER T\u00dcRL\u00dc ORTAMDA \u00c7ALI\u015eMA KAB\u0130LEYET\u0130 [&hellip;]<\/p>\n","protected":false},"featured_media":733,"template":"","meta":{"_acf_changed":false},"product_brand":[],"product_cat":[19,29],"product_tag":[],"class_list":{"0":"post-727","1":"product","2":"type-product","3":"status-publish","4":"has-post-thumbnail","6":"product_cat-all","7":"product_cat-sungrow","9":"first","10":"instock","11":"shipping-taxable","12":"product-type-simple"},"acf":[],"_links":{"self":[{"href":"https:\/\/www.insightenerji.com\/en\/wp-json\/wp\/v2\/product\/727","targetHints":{"allow":["GET"]}}],"collection":[{"href":"https:\/\/www.insightenerji.com\/en\/wp-json\/wp\/v2\/product"}],"about":[{"href":"https:\/\/www.insightenerji.com\/en\/wp-json\/wp\/v2\/types\/product"}],"wp:featuredmedia":[{"embeddable":true,"href":"https:\/\/www.insightenerji.com\/en\/wp-json\/wp\/v2\/media\/733"}],"wp:attachment":[{"href":"https:\/\/www.insightenerji.com\/en\/wp-json\/wp\/v2\/media?parent=727"}],"wp:term":[{"taxonomy":"product_brand","embeddable":true,"href":"https:\/\/www.insightenerji.com\/en\/wp-json\/wp\/v2\/product_brand?post=727"},{"taxonomy":"product_cat","embeddable":true,"href":"https:\/\/www.insightenerji.com\/en\/wp-json\/wp\/v2\/product_cat?post=727"},{"taxonomy":"product_tag","embeddable":true,"href":"https:\/\/www.insightenerji.com\/en\/wp-json\/wp\/v2\/product_tag?post=727"}],"curies":[{"name":"wp","href":"https:\/\/api.w.org\/{rel}","templated":true}]}}