{"id":1378,"date":"2025-01-31T09:38:01","date_gmt":"2025-01-31T09:38:01","guid":{"rendered":"https:\/\/www.re.net.tr\/ie\/?post_type=product&#038;p=1378"},"modified":"2025-01-31T09:39:20","modified_gmt":"2025-01-31T09:39:20","slug":"hshv385k-g02","status":"publish","type":"product","link":"https:\/\/www.insightenerji.com\/en\/urun\/hshv385k-g02\/","title":{"rendered":"HSHV385K-G02"},"content":{"rendered":"<ul>\n<li class=\"p1\">800 VAC \/ 1500 VDC ARAZ\u0130 UYGULAMA<\/li>\n<li class=\"p1\">99,01% MAX\u0130MUM VER\u0130ML\u0130L\u0130K<\/li>\n<li class=\"p1\">45 DERECE ORTAM SICAKLI\u011eINDA 385kW MAX. AC G\u00dc\u00c7 \u00c7IKI\u015eI<\/li>\n<li class=\"p1\">8 MPPT\/32 STRING, 20A STRING AKIMI \u0130LE Y\u00dcKSEK AKIMLI(BIFACIAL)PANELLERDE KAYIPSIZ \u00dcRET\u0130M<\/li>\n<li class=\"p1\">10mm2 DC KABLO G\u0130R\u0130\u015e DESTE\u011e\u0130<\/li>\n<li class=\"p1\">C5 KOROZYON VE IP66 DAYANIMI \u0130LE HER T\u00dcRL\u00dc ORTAMDA \u00c7ALI\u015eMA KAB\u0130LEYET\u0130<\/li>\n<li class=\"p1\">D\u00dc\u015e\u00dcK SCR \u00d6ZELL\u0130\u011e\u0130 \u0130LE ZAYIF \u015eEBEKELERDE DE UYUMLU \u00c7ALI\u015eMA<\/li>\n<li class=\"p1\">PLC KABLOSUZ HABERLE\u015eME DESTE\u011e\u0130<\/li>\n<li class=\"p1\">AKILLI IV CURVE DESTE\u011e\u0130<\/li>\n<li class=\"p1\">DAH\u0130L\u0130 \u201cN\u0130GHT SVG\u201d ve \u201cPID RECOVERY\u201d \u00d6ZELL\u0130\u011e\u0130 \u0130LE UZUN \u00d6M\u00dcRL\u00dc S\u0130STEM<\/li>\n<li class=\"p1\">T\u00dcV SERT\u0130F\u0130KALI S\u0130M\u00dcLASYON \u0130LE GER\u00c7EK \u00dcRET\u0130M PROJEKS\u0130YONU<\/li>\n<\/ul>\n","protected":false},"excerpt":{"rendered":"<p>800 VAC \/ 1500 VDC ARAZ\u0130 UYGULAMA 99,01% MAX\u0130MUM VER\u0130ML\u0130L\u0130K 45 DERECE ORTAM SICAKLI\u011eINDA 385kW MAX. AC G\u00dc\u00c7 \u00c7IKI\u015eI 8 MPPT\/32 STRING, 20A STRING AKIMI \u0130LE Y\u00dcKSEK AKIMLI(BIFACIAL)PANELLERDE KAYIPSIZ \u00dcRET\u0130M 10mm2 DC KABLO G\u0130R\u0130\u015e DESTE\u011e\u0130 C5 KOROZYON VE IP66 DAYANIMI \u0130LE HER T\u00dcRL\u00dc ORTAMDA \u00c7ALI\u015eMA KAB\u0130LEYET\u0130 D\u00dc\u015e\u00dcK SCR \u00d6ZELL\u0130\u011e\u0130 \u0130LE ZAYIF \u015eEBEKELERDE DE UYUMLU \u00c7ALI\u015eMA [&hellip;]<\/p>\n","protected":false},"featured_media":1380,"template":"","meta":{"_acf_changed":false},"product_brand":[],"product_cat":[19,21],"product_tag":[],"class_list":{"0":"post-1378","1":"product","2":"type-product","3":"status-publish","4":"has-post-thumbnail","6":"product_cat-all","7":"product_cat-hopewind","9":"first","10":"instock","11":"shipping-taxable","12":"product-type-simple"},"acf":[],"_links":{"self":[{"href":"https:\/\/www.insightenerji.com\/en\/wp-json\/wp\/v2\/product\/1378","targetHints":{"allow":["GET"]}}],"collection":[{"href":"https:\/\/www.insightenerji.com\/en\/wp-json\/wp\/v2\/product"}],"about":[{"href":"https:\/\/www.insightenerji.com\/en\/wp-json\/wp\/v2\/types\/product"}],"wp:featuredmedia":[{"embeddable":true,"href":"https:\/\/www.insightenerji.com\/en\/wp-json\/wp\/v2\/media\/1380"}],"wp:attachment":[{"href":"https:\/\/www.insightenerji.com\/en\/wp-json\/wp\/v2\/media?parent=1378"}],"wp:term":[{"taxonomy":"product_brand","embeddable":true,"href":"https:\/\/www.insightenerji.com\/en\/wp-json\/wp\/v2\/product_brand?post=1378"},{"taxonomy":"product_cat","embeddable":true,"href":"https:\/\/www.insightenerji.com\/en\/wp-json\/wp\/v2\/product_cat?post=1378"},{"taxonomy":"product_tag","embeddable":true,"href":"https:\/\/www.insightenerji.com\/en\/wp-json\/wp\/v2\/product_tag?post=1378"}],"curies":[{"name":"wp","href":"https:\/\/api.w.org\/{rel}","templated":true}]}}