{"id":1344,"date":"2025-01-31T09:19:17","date_gmt":"2025-01-31T09:19:17","guid":{"rendered":"https:\/\/www.re.net.tr\/ie\/?post_type=product&#038;p=1344"},"modified":"2025-01-31T09:22:52","modified_gmt":"2025-01-31T09:22:52","slug":"hynv-5-12k-g01","status":"publish","type":"product","link":"https:\/\/www.insightenerji.com\/en\/urun\/hynv-5-12k-g01\/","title":{"rendered":"HYNV 5-12K-G01"},"content":{"rendered":"<ul>\n<li class=\"p1\">400 VAC \/ 1000 VDC EVSEL H\u0130BR\u0130T \u00c7\u00d6Z\u00dcM<\/li>\n<li class=\"p1\">98,40% MAX\u0130MUM VER\u0130ML\u0130L\u0130K<\/li>\n<li class=\"p1\">100V-800V GEN\u0130\u015e BATARYA VOLTAJ ARALI\u011eI<\/li>\n<li class=\"p1\">30 DERECE ORTAM SICAKLI\u011eINDA %10 DAHA FAZLA AC G\u00dc\u00c7 \u00c7IKI\u015eI<\/li>\n<li class=\"p1\">2MPPT\/2-3 STRING, 20A STRING AKIMI \u0130LE Y\u00dcKSEK AKIMLI PANELLERDE KAYIPSIZ<\/li>\n<li class=\"p1\">GLOBAL MPPT YAZILIMI \u0130LE G\u00d6LGELENMEDE EN AZ G\u00dc\u00c7 KAYBI<\/li>\n<li class=\"p1\">IP66 DAYANIMI \u0130LE HER T\u00dcRL\u00dc ORTAMDA \u00c7ALI\u015eMA KAB\u0130L\u0130YET\u0130<\/li>\n<li class=\"p1\">-25 +60 DERECE ORTAM \u00c7ALI\u015eMA SICAKLI\u011eI<\/li>\n<li class=\"p1\">FANSIZ DO\u011eAL SO\u011eUTMA TEKNOLOJ\u0130S\u0130 \u0130LE SESS\u0130Z \u00c7ALI\u015eMA<\/li>\n<li class=\"p1\">PLUG&amp;PLAY \u0130LE KOLAY VE HIZLI KURULUM<\/li>\n<li class=\"p1\">FULL BACK-UP YEDEKLEME \u0130LE AKILLI PV-BATARYA-Y\u00dcK Y\u00d6NET\u0130M\u0130<\/li>\n<li class=\"p1\">DAH\u0130L\u0130 AFCI \u00d6ZELL\u0130\u011e\u0130 \u0130LE YATIRIM G\u00dcVENL\u0130\u011e\u0130<\/li>\n<li class=\"p1\">DAH\u0130L\u0130 ZERO EXPORT FONKS\u0130YONU<\/li>\n<li class=\"p1\">DAH\u0130L\u0130 HABERLE\u015eME C\u0130HAZI<\/li>\n<\/ul>\n","protected":false},"excerpt":{"rendered":"<p>400 VAC \/ 1000 VDC EVSEL H\u0130BR\u0130T \u00c7\u00d6Z\u00dcM 98,40% MAX\u0130MUM VER\u0130ML\u0130L\u0130K 100V-800V GEN\u0130\u015e BATARYA VOLTAJ ARALI\u011eI 30 DERECE ORTAM SICAKLI\u011eINDA %10 DAHA FAZLA AC G\u00dc\u00c7 \u00c7IKI\u015eI 2MPPT\/2-3 STRING, 20A STRING AKIMI \u0130LE Y\u00dcKSEK AKIMLI PANELLERDE KAYIPSIZ GLOBAL MPPT YAZILIMI \u0130LE G\u00d6LGELENMEDE EN AZ G\u00dc\u00c7 KAYBI IP66 DAYANIMI \u0130LE HER T\u00dcRL\u00dc ORTAMDA \u00c7ALI\u015eMA KAB\u0130L\u0130YET\u0130 -25 +60 [&hellip;]<\/p>\n","protected":false},"featured_media":1345,"template":"","meta":{"_acf_changed":false},"product_brand":[],"product_cat":[19,21],"product_tag":[],"class_list":{"0":"post-1344","1":"product","2":"type-product","3":"status-publish","4":"has-post-thumbnail","6":"product_cat-all","7":"product_cat-hopewind","9":"first","10":"instock","11":"shipping-taxable","12":"product-type-simple"},"acf":[],"_links":{"self":[{"href":"https:\/\/www.insightenerji.com\/en\/wp-json\/wp\/v2\/product\/1344","targetHints":{"allow":["GET"]}}],"collection":[{"href":"https:\/\/www.insightenerji.com\/en\/wp-json\/wp\/v2\/product"}],"about":[{"href":"https:\/\/www.insightenerji.com\/en\/wp-json\/wp\/v2\/types\/product"}],"wp:featuredmedia":[{"embeddable":true,"href":"https:\/\/www.insightenerji.com\/en\/wp-json\/wp\/v2\/media\/1345"}],"wp:attachment":[{"href":"https:\/\/www.insightenerji.com\/en\/wp-json\/wp\/v2\/media?parent=1344"}],"wp:term":[{"taxonomy":"product_brand","embeddable":true,"href":"https:\/\/www.insightenerji.com\/en\/wp-json\/wp\/v2\/product_brand?post=1344"},{"taxonomy":"product_cat","embeddable":true,"href":"https:\/\/www.insightenerji.com\/en\/wp-json\/wp\/v2\/product_cat?post=1344"},{"taxonomy":"product_tag","embeddable":true,"href":"https:\/\/www.insightenerji.com\/en\/wp-json\/wp\/v2\/product_tag?post=1344"}],"curies":[{"name":"wp","href":"https:\/\/api.w.org\/{rel}","templated":true}]}}