{"id":1244,"date":"2025-01-02T08:30:38","date_gmt":"2025-01-02T08:30:38","guid":{"rendered":"https:\/\/www.re.net.tr\/ie\/?post_type=product&#038;p=1244"},"modified":"2025-01-02T08:49:14","modified_gmt":"2025-01-02T08:49:14","slug":"powertitan-t2752ux","status":"publish","type":"product","link":"https:\/\/www.insightenerji.com\/en\/urun\/powertitan-t2752ux\/","title":{"rendered":"POWERTITAN-ST2752UX"},"content":{"rendered":"<p><strong>D\u00dc\u015e\u00dcK MAL\u0130YET<\/strong><\/p>\n<ul>\n<li>Kolay nakliye, i\u015fletim ve bak\u0131m i\u00e7in son derece entegre ESS (Enerji Depolama Sistemi)<\/li>\n<li>Tamam\u0131 \u00f6n-montajl\u0131, sahada hi\u00e7bir ak\u00fc mod\u00fcl\u00fcn\u00fcn ta\u015f\u0131nmas\u0131 gerekmez<\/li>\n<li>Sadece 8 saatlik montaj sonras\u0131, hizmete sokun, taban\u0131 \u00fczerine yerle\u015ftirin ve elektrik ba\u011flant\u0131lar\u0131n\u0131 yap\u0131n<\/li>\n<\/ul>\n<p><strong>G\u00dcVENL\u0130 VE G\u00dcVEN\u0130L\u0130R<\/strong><\/p>\n<ul>\n<li>DC elektrik devresi g\u00fcvenlik y\u00f6netimi, h\u0131zl\u0131 devre kesme ve ark-\u00f6nleme korumas\u0131 i\u00e7ermektedir<\/li>\n<li>Bir\u00e7ok ba\u011f\u0131ms\u0131z sistemden olu\u015fan \u00e7ok seviyeli ak\u00fc koruma katmanlar\u0131, kusursuz bir g\u00fcvenlik sa\u011flar<\/li>\n<\/ul>\n<p><strong>VER\u0130ML\u0130 VE ESNEK<\/strong><\/p>\n<ul>\n<li>Ak\u0131ll\u0131 s\u0131v\u0131 so\u011futma, daha y\u00fcksek verim ve daha uzun ak\u00fc \u00f6mr\u00fc elde etmenizi sa\u011flar<\/li>\n<li>Mod\u00fcler tasar\u0131m\u0131, paralel ba\u011flant\u0131y\u0131 ve kolay sistem geni\u015fletmeyi destekler<\/li>\n<li>IP54 d\u0131\u015f mekan kabini ve opsiyonel C5 anti-korozyon<\/li>\n<\/ul>\n<p><strong>AKILLI VE SA\u011eLAM<\/strong><\/p>\n<ul>\n<li>H\u0131zl\u0131 durum izleme ve ar\u0131za kayd\u0131, \u00f6n-alarm ve ar\u0131za konumland\u0131rmay\u0131 m\u00fcmk\u00fcn k\u0131lar<\/li>\n<li>Entegre ak\u00fc performans\u0131 izleme ve kaydetme<\/li>\n<\/ul>\n","protected":false},"excerpt":{"rendered":"<p>D\u00dc\u015e\u00dcK MAL\u0130YET Kolay nakliye, i\u015fletim ve bak\u0131m i\u00e7in son derece entegre ESS (Enerji Depolama Sistemi) Tamam\u0131 \u00f6n-montajl\u0131, sahada hi\u00e7bir ak\u00fc mod\u00fcl\u00fcn\u00fcn ta\u015f\u0131nmas\u0131 gerekmez Sadece 8 saatlik montaj sonras\u0131, hizmete sokun, taban\u0131 \u00fczerine yerle\u015ftirin ve elektrik ba\u011flant\u0131lar\u0131n\u0131 yap\u0131n G\u00dcVENL\u0130 VE G\u00dcVEN\u0130L\u0130R DC elektrik devresi g\u00fcvenlik y\u00f6netimi, h\u0131zl\u0131 devre kesme ve ark-\u00f6nleme korumas\u0131 i\u00e7ermektedir Bir\u00e7ok ba\u011f\u0131ms\u0131z sistemden [&hellip;]<\/p>\n","protected":false},"featured_media":1242,"template":"","meta":{"_acf_changed":false},"product_brand":[],"product_cat":[19,42],"product_tag":[],"class_list":{"0":"post-1244","1":"product","2":"type-product","3":"status-publish","4":"has-post-thumbnail","6":"product_cat-all","7":"product_cat-sungrow-depolama","9":"first","10":"instock","11":"shipping-taxable","12":"product-type-simple"},"acf":[],"_links":{"self":[{"href":"https:\/\/www.insightenerji.com\/en\/wp-json\/wp\/v2\/product\/1244","targetHints":{"allow":["GET"]}}],"collection":[{"href":"https:\/\/www.insightenerji.com\/en\/wp-json\/wp\/v2\/product"}],"about":[{"href":"https:\/\/www.insightenerji.com\/en\/wp-json\/wp\/v2\/types\/product"}],"wp:featuredmedia":[{"embeddable":true,"href":"https:\/\/www.insightenerji.com\/en\/wp-json\/wp\/v2\/media\/1242"}],"wp:attachment":[{"href":"https:\/\/www.insightenerji.com\/en\/wp-json\/wp\/v2\/media?parent=1244"}],"wp:term":[{"taxonomy":"product_brand","embeddable":true,"href":"https:\/\/www.insightenerji.com\/en\/wp-json\/wp\/v2\/product_brand?post=1244"},{"taxonomy":"product_cat","embeddable":true,"href":"https:\/\/www.insightenerji.com\/en\/wp-json\/wp\/v2\/product_cat?post=1244"},{"taxonomy":"product_tag","embeddable":true,"href":"https:\/\/www.insightenerji.com\/en\/wp-json\/wp\/v2\/product_tag?post=1244"}],"curies":[{"name":"wp","href":"https:\/\/api.w.org\/{rel}","templated":true}]}}