{"id":1235,"date":"2025-01-02T08:45:46","date_gmt":"2025-01-02T08:45:46","guid":{"rendered":"https:\/\/www.re.net.tr\/ie\/?post_type=product&#038;p=1235"},"modified":"2025-01-02T08:49:03","modified_gmt":"2025-01-02T08:49:03","slug":"powerstack-st225kwh","status":"publish","type":"product","link":"https:\/\/www.insightenerji.com\/en\/urun\/powerstack-st225kwh\/","title":{"rendered":"POWERSTACK &#8211; ST225kWh"},"content":{"rendered":"<p><strong><span class=\"s2\">Geli\u015fmi\u015f<\/span> <span class=\"s2\">G\u00fcvenlik<\/span><\/strong><\/p>\n<ul>\n<li>Her kademede a\u015f\u0131r\u0131 ak\u0131m koruma \u00f6zelli\u011fi<\/li>\n<li>S\u0131cakl\u0131k art\u0131\u015f\u0131nda erken uyar\u0131 sistemi<\/li>\n<li>Geli\u015fmi\u015f G\u00fcvenlik Sistemi Tasar\u0131m\u0131<\/li>\n<li>Y\u00fcksek g\u00fcvenlik standard\u0131na sahip LFP pil<\/li>\n<\/ul>\n<div class=\"s4\"><strong><span class=\"s2\">M\u00fckemmel<\/span> <span class=\"s2\">Performans<\/span><\/strong><\/div>\n<ul>\n<li>20ms Alt\u0131nda sorunsuz ge\u00e7i\u015f<\/li>\n<li>%98,6 Y\u00fcksek verim<\/li>\n<li>Paralel ba\u011flant\u0131 \u00f6zelli\u011fi ile mod\u00fcler yap\u0131<\/li>\n<li>\u0130Solar Cloud ile ger\u00e7ek zamanl\u0131 izleme ve uyar\u0131 sistemi<\/li>\n<li>Daha fazla kullan\u0131labilir enerji ile daha uzun ya\u015fam d\u00f6ng\u00fcs\u00fc<\/li>\n<li>Tam ya\u015fam d\u00f6ng\u00fcs\u00fc kalite garantisi<\/li>\n<li>Transformat\u00f6rs\u00fcz al\u00e7ak gerilim da\u011f\u0131t\u0131m sistemine ba\u011flan\u0131labilir<\/li>\n<li>Geli\u015ftirilmi\u015f \u00e7evresel tolerans<\/li>\n<li>Daha d\u00fc\u015f\u00fck i\u00e7 t\u00fcketim<\/li>\n<li>Azalan LCOE, Artan gelir<\/li>\n<\/ul>\n","protected":false},"excerpt":{"rendered":"<p>Geli\u015fmi\u015f G\u00fcvenlik Her kademede a\u015f\u0131r\u0131 ak\u0131m koruma \u00f6zelli\u011fi S\u0131cakl\u0131k art\u0131\u015f\u0131nda erken uyar\u0131 sistemi Geli\u015fmi\u015f G\u00fcvenlik Sistemi Tasar\u0131m\u0131 Y\u00fcksek g\u00fcvenlik standard\u0131na sahip LFP pil M\u00fckemmel Performans 20ms Alt\u0131nda sorunsuz ge\u00e7i\u015f %98,6 Y\u00fcksek verim Paralel ba\u011flant\u0131 \u00f6zelli\u011fi ile mod\u00fcler yap\u0131 \u0130Solar Cloud ile ger\u00e7ek zamanl\u0131 izleme ve uyar\u0131 sistemi Daha fazla kullan\u0131labilir enerji ile daha uzun ya\u015fam [&hellip;]<\/p>\n","protected":false},"featured_media":1236,"template":"","meta":{"_acf_changed":false},"product_brand":[],"product_cat":[19,42],"product_tag":[],"class_list":{"0":"post-1235","1":"product","2":"type-product","3":"status-publish","4":"has-post-thumbnail","6":"product_cat-all","7":"product_cat-sungrow-depolama","9":"first","10":"instock","11":"shipping-taxable","12":"product-type-simple"},"acf":[],"_links":{"self":[{"href":"https:\/\/www.insightenerji.com\/en\/wp-json\/wp\/v2\/product\/1235","targetHints":{"allow":["GET"]}}],"collection":[{"href":"https:\/\/www.insightenerji.com\/en\/wp-json\/wp\/v2\/product"}],"about":[{"href":"https:\/\/www.insightenerji.com\/en\/wp-json\/wp\/v2\/types\/product"}],"wp:featuredmedia":[{"embeddable":true,"href":"https:\/\/www.insightenerji.com\/en\/wp-json\/wp\/v2\/media\/1236"}],"wp:attachment":[{"href":"https:\/\/www.insightenerji.com\/en\/wp-json\/wp\/v2\/media?parent=1235"}],"wp:term":[{"taxonomy":"product_brand","embeddable":true,"href":"https:\/\/www.insightenerji.com\/en\/wp-json\/wp\/v2\/product_brand?post=1235"},{"taxonomy":"product_cat","embeddable":true,"href":"https:\/\/www.insightenerji.com\/en\/wp-json\/wp\/v2\/product_cat?post=1235"},{"taxonomy":"product_tag","embeddable":true,"href":"https:\/\/www.insightenerji.com\/en\/wp-json\/wp\/v2\/product_tag?post=1235"}],"curies":[{"name":"wp","href":"https:\/\/api.w.org\/{rel}","templated":true}]}}