{"id":1151,"date":"2024-12-04T10:36:11","date_gmt":"2024-12-04T10:36:11","guid":{"rendered":"https:\/\/www.re.net.tr\/ie\/?post_type=product&#038;p=1151"},"modified":"2025-02-13T07:32:42","modified_gmt":"2025-02-13T07:32:42","slug":"12-v-1000-watt-tam-sinu%cc%88s-sarjli-ups-inverter","status":"publish","type":"product","link":"https:\/\/www.insightenerji.com\/en\/urun\/12-v-1000-watt-tam-sinu%cc%88s-sarjli-ups-inverter\/","title":{"rendered":"12 V 1000 WATT TAM SI\u0307NU\u0308S \u015eARJLI UPS I\u0307NVERTER"},"content":{"rendered":"<ul>\n<li><span style=\"font-weight: 400;\">UPS Tipi\u00a0 \u0130nverterler 12 V ve 24 V olarak tasarlanm\u0131\u015ft\u0131r.<\/span><\/li>\n<li><span style=\"font-weight: 400;\">G\u00fc\u00e7ler;<\/span><\/li>\n<li><span style=\"font-weight: 400;\">12 V\u00a0 1000 W , 12 V 2000 W , 12 V 3000 W,<\/span><\/li>\n<li><span style=\"font-weight: 400;\">24 V 1000 W , 24 V 2000 W , 24 V 3000 W \u015feklindedir.<\/span><\/li>\n<li><span style=\"font-weight: 400;\">Bu inverter modelleri Saf sin\u00fcs dalgas\u0131 vermektedir.<\/span><\/li>\n<li><span style=\"font-weight: 400;\">Ayn\u0131 zamanda % 200 tepe g\u00fcc\u00fc ,Yumu\u015fak ba\u015flang\u0131\u00e7 ,A\u00e7ma-Kapama Anahtar\u0131 , Bekleme tasarruf modu , Otomatik koruma\u00a0 ve Y\u00fcksek Verimlilik sa\u011flar.<\/span><\/li>\n<li><span style=\"font-weight: 400;\">Kompakt ve dayan\u0131kl\u0131 yap\u0131s\u0131yla \u00e7e\u015fitli uygulamalara uygundur.<\/span><\/li>\n<li><span style=\"font-weight: 400;\">Enerji tasarrufu sa\u011flayan teknolojisiyle \u00e7evre dostu bir \u00e7\u00f6z\u00fcm sunar, enerji maliyetlerini d\u00fc\u015f\u00fcrmenize yard\u0131mc\u0131 olur.<\/span><\/li>\n<\/ul>\n","protected":false},"excerpt":{"rendered":"<p>UPS Tipi\u00a0 \u0130nverterler 12 V ve 24 V olarak tasarlanm\u0131\u015ft\u0131r. G\u00fc\u00e7ler; 12 V\u00a0 1000 W , 12 V 2000 W , 12 V 3000 W, 24 V 1000 W , 24 V 2000 W , 24 V 3000 W \u015feklindedir. Bu inverter modelleri Saf sin\u00fcs dalgas\u0131 vermektedir. Ayn\u0131 zamanda % 200 tepe g\u00fcc\u00fc ,Yumu\u015fak ba\u015flang\u0131\u00e7 [&hellip;]<\/p>\n","protected":false},"featured_media":1150,"template":"","meta":{"_acf_changed":false},"product_brand":[],"product_cat":[19,41],"product_tag":[],"class_list":{"0":"post-1151","1":"product","2":"type-product","3":"status-publish","4":"has-post-thumbnail","6":"product_cat-all","7":"product_cat-exelon","9":"first","10":"instock","11":"shipping-taxable","12":"product-type-simple"},"acf":[],"_links":{"self":[{"href":"https:\/\/www.insightenerji.com\/en\/wp-json\/wp\/v2\/product\/1151","targetHints":{"allow":["GET"]}}],"collection":[{"href":"https:\/\/www.insightenerji.com\/en\/wp-json\/wp\/v2\/product"}],"about":[{"href":"https:\/\/www.insightenerji.com\/en\/wp-json\/wp\/v2\/types\/product"}],"wp:featuredmedia":[{"embeddable":true,"href":"https:\/\/www.insightenerji.com\/en\/wp-json\/wp\/v2\/media\/1150"}],"wp:attachment":[{"href":"https:\/\/www.insightenerji.com\/en\/wp-json\/wp\/v2\/media?parent=1151"}],"wp:term":[{"taxonomy":"product_brand","embeddable":true,"href":"https:\/\/www.insightenerji.com\/en\/wp-json\/wp\/v2\/product_brand?post=1151"},{"taxonomy":"product_cat","embeddable":true,"href":"https:\/\/www.insightenerji.com\/en\/wp-json\/wp\/v2\/product_cat?post=1151"},{"taxonomy":"product_tag","embeddable":true,"href":"https:\/\/www.insightenerji.com\/en\/wp-json\/wp\/v2\/product_tag?post=1151"}],"curies":[{"name":"wp","href":"https:\/\/api.w.org\/{rel}","templated":true}]}}