{"id":1149,"date":"2024-12-02T10:38:47","date_gmt":"2024-12-02T10:38:47","guid":{"rendered":"https:\/\/www.re.net.tr\/ie\/?post_type=product&#038;p=1149"},"modified":"2025-02-13T07:32:52","modified_gmt":"2025-02-13T07:32:52","slug":"24-v-3000-watt-tam-sinu%cc%88s-inverter","status":"publish","type":"product","link":"https:\/\/www.insightenerji.com\/en\/urun\/24-v-3000-watt-tam-sinu%cc%88s-inverter\/","title":{"rendered":"24 V 3000 WATT TAM SI\u0307NU\u0308S I\u0307NVERTER"},"content":{"rendered":"<ul>\n<li><span style=\"font-weight: 400;\">TAM\u00a0 Sin\u00fcs \u0130nverterler 12 V ve 24 V olarak tasarlanm\u0131\u015ft\u0131r.<\/span><\/li>\n<li><span style=\"font-weight: 400;\">G\u00fc\u00e7ler;<\/span><\/li>\n<li><span style=\"font-weight: 400;\">12 V\u00a0 1000 W , 12 V 2000 W , 12 V 3000 W,<\/span><\/li>\n<li><span style=\"font-weight: 400;\">24 V 1000 W , 24 V 2000 W , 24 V 3000 W \u015feklindedir.<\/span><\/li>\n<li><span style=\"font-weight: 400;\">Bu inverter modelleri Saf sin\u00fcs dalgas\u0131 vermektedir.<\/span><\/li>\n<li><span style=\"font-weight: 400;\">Ayn\u0131 zamanda % 200 tepe g\u00fcc\u00fc , Yumu\u015fak ba\u015flang\u0131\u00e7 , A\u00e7ma-Kapama Anahtar\u0131 , Otomatik koruma ve Y\u00fcksek Verimlili\u011fe sahiptir.<\/span><\/li>\n<li><span style=\"font-weight: 400;\">Dayan\u0131kl\u0131 ve kompakt tasar\u0131m\u0131, \u00e7e\u015fitli kullan\u0131m senaryolar\u0131nda g\u00fcvenilir performans sunar.\u00a0<\/span><\/li>\n<li><span style=\"font-weight: 400;\">Enerji tasarrufu sa\u011flayan teknolojisi ile \u00e7evre dostu bir se\u00e7enek olup, kullan\u0131c\u0131lar\u0131n enerji maliyetlerini azaltmalar\u0131na yard\u0131mc\u0131 olur.<\/span><\/li>\n<\/ul>\n","protected":false},"excerpt":{"rendered":"<p>TAM\u00a0 Sin\u00fcs \u0130nverterler 12 V ve 24 V olarak tasarlanm\u0131\u015ft\u0131r. G\u00fc\u00e7ler; 12 V\u00a0 1000 W , 12 V 2000 W , 12 V 3000 W, 24 V 1000 W , 24 V 2000 W , 24 V 3000 W \u015feklindedir. Bu inverter modelleri Saf sin\u00fcs dalgas\u0131 vermektedir. Ayn\u0131 zamanda % 200 tepe g\u00fcc\u00fc , Yumu\u015fak [&hellip;]<\/p>\n","protected":false},"featured_media":1150,"template":"","meta":{"_acf_changed":false},"product_brand":[],"product_cat":[19,41],"product_tag":[],"class_list":{"0":"post-1149","1":"product","2":"type-product","3":"status-publish","4":"has-post-thumbnail","6":"product_cat-all","7":"product_cat-exelon","9":"first","10":"instock","11":"shipping-taxable","12":"product-type-simple"},"acf":[],"_links":{"self":[{"href":"https:\/\/www.insightenerji.com\/en\/wp-json\/wp\/v2\/product\/1149","targetHints":{"allow":["GET"]}}],"collection":[{"href":"https:\/\/www.insightenerji.com\/en\/wp-json\/wp\/v2\/product"}],"about":[{"href":"https:\/\/www.insightenerji.com\/en\/wp-json\/wp\/v2\/types\/product"}],"wp:featuredmedia":[{"embeddable":true,"href":"https:\/\/www.insightenerji.com\/en\/wp-json\/wp\/v2\/media\/1150"}],"wp:attachment":[{"href":"https:\/\/www.insightenerji.com\/en\/wp-json\/wp\/v2\/media?parent=1149"}],"wp:term":[{"taxonomy":"product_brand","embeddable":true,"href":"https:\/\/www.insightenerji.com\/en\/wp-json\/wp\/v2\/product_brand?post=1149"},{"taxonomy":"product_cat","embeddable":true,"href":"https:\/\/www.insightenerji.com\/en\/wp-json\/wp\/v2\/product_cat?post=1149"},{"taxonomy":"product_tag","embeddable":true,"href":"https:\/\/www.insightenerji.com\/en\/wp-json\/wp\/v2\/product_tag?post=1149"}],"curies":[{"name":"wp","href":"https:\/\/api.w.org\/{rel}","templated":true}]}}