{"id":1125,"date":"2024-12-16T18:23:59","date_gmt":"2024-12-16T18:23:59","guid":{"rendered":"https:\/\/www.re.net.tr\/ie\/?post_type=product&#038;p=1125"},"modified":"2025-02-13T07:31:43","modified_gmt":"2025-02-13T07:31:43","slug":"12-v-300-watt-modifiye-sinus-inverter","status":"publish","type":"product","link":"https:\/\/www.insightenerji.com\/en\/urun\/12-v-300-watt-modifiye-sinus-inverter\/","title":{"rendered":"12 V 300 WATT MODI\u0307FI\u0307YE SI\u0307NU\u0308S I\u0307NVERTER"},"content":{"rendered":"<ul>\n<li><span style=\"font-weight: 400;\">Modifiye Sin\u00fcs \u0130nverterler 12 V ve 24 V olarak tasarlanm\u0131\u015ft\u0131r.<\/span><\/li>\n<li><span style=\"font-weight: 400;\">G\u00fc\u00e7ler;<\/span><\/li>\n<li><span style=\"font-weight: 400;\">12 V\u00a0 150W , 12 V 300W, 12 V 600W , 12 V 1200W,12 V 2000W , 12 V 3000W.<\/span><\/li>\n<li><span style=\"font-weight: 400;\">24 V 150W , 24 V 300W , 24 V 600W\u00a0 , 24 V 1200W\u00a0 , 24 V 2000W , 24 V 3000W \u015feklindedir.<\/span><\/li>\n<li><span style=\"font-weight: 400;\">Bu inverterler Modifiye sin\u00fcs dalgas\u0131 vermektedir.<\/span><\/li>\n<li><span style=\"font-weight: 400;\">\u00a0%200 tepe g\u00fcc\u00fc , A\u00e7ma-Kapama Anahtar\u0131 ,Otomatik koruma , Y\u00fcksek Verimlilik sa\u011flamaktad\u0131r.<\/span><\/li>\n<li><span style=\"font-weight: 400;\">Geli\u015fmi\u015f analitik yetenekleri ve esnek entegrasyon se\u00e7enekleri sayesinde i\u015fletmelere verimlilik art\u0131\u015f\u0131 sa\u011flamaktad\u0131r.<\/span><\/li>\n<li><span style=\"font-weight: 400;\">G\u00fcvenilir ve \u00f6l\u00e7eklenebilir yap\u0131s\u0131 ile her t\u00fcrl\u00fc i\u015fletme ihtiyac\u0131n\u0131 kar\u015f\u0131lamak \u00fczere tasarlanm\u0131\u015ft\u0131r.<\/span><\/li>\n<\/ul>\n","protected":false},"excerpt":{"rendered":"<p>Modifiye Sin\u00fcs \u0130nverterler 12 V ve 24 V olarak tasarlanm\u0131\u015ft\u0131r. G\u00fc\u00e7ler; 12 V\u00a0 150W , 12 V 300W, 12 V 600W , 12 V 1200W,12 V 2000W , 12 V 3000W. 24 V 150W , 24 V 300W , 24 V 600W\u00a0 , 24 V 1200W\u00a0 , 24 V 2000W , 24 V 3000W \u015feklindedir. [&hellip;]<\/p>\n","protected":false},"featured_media":1126,"template":"","meta":{"_acf_changed":false},"product_brand":[],"product_cat":[19,41],"product_tag":[],"class_list":{"0":"post-1125","1":"product","2":"type-product","3":"status-publish","4":"has-post-thumbnail","6":"product_cat-all","7":"product_cat-exelon","9":"first","10":"instock","11":"shipping-taxable","12":"product-type-simple"},"acf":[],"_links":{"self":[{"href":"https:\/\/www.insightenerji.com\/en\/wp-json\/wp\/v2\/product\/1125","targetHints":{"allow":["GET"]}}],"collection":[{"href":"https:\/\/www.insightenerji.com\/en\/wp-json\/wp\/v2\/product"}],"about":[{"href":"https:\/\/www.insightenerji.com\/en\/wp-json\/wp\/v2\/types\/product"}],"wp:featuredmedia":[{"embeddable":true,"href":"https:\/\/www.insightenerji.com\/en\/wp-json\/wp\/v2\/media\/1126"}],"wp:attachment":[{"href":"https:\/\/www.insightenerji.com\/en\/wp-json\/wp\/v2\/media?parent=1125"}],"wp:term":[{"taxonomy":"product_brand","embeddable":true,"href":"https:\/\/www.insightenerji.com\/en\/wp-json\/wp\/v2\/product_brand?post=1125"},{"taxonomy":"product_cat","embeddable":true,"href":"https:\/\/www.insightenerji.com\/en\/wp-json\/wp\/v2\/product_cat?post=1125"},{"taxonomy":"product_tag","embeddable":true,"href":"https:\/\/www.insightenerji.com\/en\/wp-json\/wp\/v2\/product_tag?post=1125"}],"curies":[{"name":"wp","href":"https:\/\/api.w.org\/{rel}","templated":true}]}}