{"id":1116,"date":"2024-12-19T15:19:04","date_gmt":"2024-12-19T15:19:04","guid":{"rendered":"https:\/\/www.re.net.tr\/ie\/?post_type=product&#038;p=1116"},"modified":"2025-02-13T07:30:50","modified_gmt":"2025-02-13T07:30:50","slug":"48-v-10200-watt-akilli-inverter","status":"publish","type":"product","link":"https:\/\/www.insightenerji.com\/en\/urun\/48-v-10200-watt-akilli-inverter\/","title":{"rendered":"48 V 10200 WATT AKILLI I\u0307NVERTER"},"content":{"rendered":"<ul>\n<li><span style=\"font-weight: 400;\">Saf sin\u00fcs dalga solar inverter (a\u00e7\u0131k\/kapal\u0131 \u015febeke) \u015feklindedir.<\/span><\/li>\n<li><span style=\"font-weight: 400;\">\u00c7\u0131k\u0131\u015f g\u00fc\u00e7 fakt\u00f6r\u00fc 1.0\u00a0<\/span><\/li>\n<li><span style=\"font-weight: 400;\">IOS ve Android i\u00e7in WIFI&amp;GPRS mevcut<\/span><\/li>\n<li><span style=\"font-weight: 400;\">\u00a0\u0130nverter bataryas\u0131z \u00e7al\u0131\u015fabilir.<\/span><\/li>\n<li><span style=\"font-weight: 400;\">\u00a0Fabrika ayarlar\u0131na geri d\u00f6nd\u00fcrme i\u00e7in tek tu\u015fla geri y\u00fckleme\u00a0 mevcuttur.<\/span><\/li>\n<li><span style=\"font-weight: 400;\">Dahili Lityum batarya otomatik aktivasyon vard\u0131r.<\/span><\/li>\n<li><span style=\"font-weight: 400;\">\u00a0Dahili 160A MPPT solar \u015farj cihaz\u0131 (8.2kW, 10.2kW i\u00e7in), 140A (7.2kW i\u00e7in)<\/span><\/li>\n<li><span style=\"font-weight: 400;\">\u00a0Y\u00fcksek PV giri\u015f voltaj aral\u0131\u011f\u0131 (90~500VDC)<\/span><\/li>\n<li><span style=\"font-weight: 400;\">\u00a0Zorlu ortamlar i\u00e7in dahili toz \u00f6nleyici kit<\/span><\/li>\n<li><span style=\"font-weight: 400;\">\u00a0Batarya \u00f6mr\u00fcn\u00fc optimize etmek i\u00e7in ak\u0131ll\u0131 batarya \u015farj tasar\u0131m\u0131 ve\u00a0 \u00c7ift \u00e7\u0131k\u0131\u015f \u00c7ift PV giri\u015fi mevcuttur.<\/span><\/li>\n<li><span style=\"font-weight: 400;\">48 V \u00e7al\u0131\u015fma gerlm le g\u00fc\u00e7l\u00fc br enerj kayna\u011f\u0131 sa\u011flar. Kullan\u0131c\u0131 dostu aray\u00fcz\u00fc ve kompakt tasar\u0131m\u0131 sayesinde kolay kullan\u0131m sa\u011flar.<\/span><\/li>\n<\/ul>\n","protected":false},"excerpt":{"rendered":"<p>Saf sin\u00fcs dalga solar inverter (a\u00e7\u0131k\/kapal\u0131 \u015febeke) \u015feklindedir. \u00c7\u0131k\u0131\u015f g\u00fc\u00e7 fakt\u00f6r\u00fc 1.0\u00a0 IOS ve Android i\u00e7in WIFI&amp;GPRS mevcut \u00a0\u0130nverter bataryas\u0131z \u00e7al\u0131\u015fabilir. \u00a0Fabrika ayarlar\u0131na geri d\u00f6nd\u00fcrme i\u00e7in tek tu\u015fla geri y\u00fckleme\u00a0 mevcuttur. Dahili Lityum batarya otomatik aktivasyon vard\u0131r. \u00a0Dahili 160A MPPT solar \u015farj cihaz\u0131 (8.2kW, 10.2kW i\u00e7in), 140A (7.2kW i\u00e7in) \u00a0Y\u00fcksek PV giri\u015f voltaj aral\u0131\u011f\u0131 (90~500VDC) [&hellip;]<\/p>\n","protected":false},"featured_media":1117,"template":"","meta":{"_acf_changed":false},"product_brand":[],"product_cat":[19,41],"product_tag":[],"class_list":{"0":"post-1116","1":"product","2":"type-product","3":"status-publish","4":"has-post-thumbnail","6":"product_cat-all","7":"product_cat-exelon","9":"first","10":"instock","11":"shipping-taxable","12":"product-type-simple"},"acf":[],"_links":{"self":[{"href":"https:\/\/www.insightenerji.com\/en\/wp-json\/wp\/v2\/product\/1116","targetHints":{"allow":["GET"]}}],"collection":[{"href":"https:\/\/www.insightenerji.com\/en\/wp-json\/wp\/v2\/product"}],"about":[{"href":"https:\/\/www.insightenerji.com\/en\/wp-json\/wp\/v2\/types\/product"}],"wp:featuredmedia":[{"embeddable":true,"href":"https:\/\/www.insightenerji.com\/en\/wp-json\/wp\/v2\/media\/1117"}],"wp:attachment":[{"href":"https:\/\/www.insightenerji.com\/en\/wp-json\/wp\/v2\/media?parent=1116"}],"wp:term":[{"taxonomy":"product_brand","embeddable":true,"href":"https:\/\/www.insightenerji.com\/en\/wp-json\/wp\/v2\/product_brand?post=1116"},{"taxonomy":"product_cat","embeddable":true,"href":"https:\/\/www.insightenerji.com\/en\/wp-json\/wp\/v2\/product_cat?post=1116"},{"taxonomy":"product_tag","embeddable":true,"href":"https:\/\/www.insightenerji.com\/en\/wp-json\/wp\/v2\/product_tag?post=1116"}],"curies":[{"name":"wp","href":"https:\/\/api.w.org\/{rel}","templated":true}]}}