{"id":1114,"date":"2024-12-20T10:18:56","date_gmt":"2024-12-20T10:18:56","guid":{"rendered":"https:\/\/www.re.net.tr\/ie\/?post_type=product&#038;p=1114"},"modified":"2025-02-13T07:30:44","modified_gmt":"2025-02-13T07:30:44","slug":"48-v-6200-watt-akilli-inverter","status":"publish","type":"product","link":"https:\/\/www.insightenerji.com\/en\/urun\/48-v-6200-watt-akilli-inverter\/","title":{"rendered":"48 V 6200 WATT AKILLI I\u0307NVERTER"},"content":{"rendered":"<ul>\n<li><span style=\"font-weight: 400;\">Bu \u0130nverter modeli Saf sin\u00fcs dalga solar inverteridir.<\/span><\/li>\n<li><span style=\"font-weight: 400;\">\u00a0IOS ve Android i\u00e7in WIFI&amp;GPRS mevcuttur.<\/span><\/li>\n<li><span style=\"font-weight: 400;\">\u00a0\u0130nverter bataryas\u0131z \u00e7al\u0131\u015fabilir.<\/span><\/li>\n<li><span style=\"font-weight: 400;\">\u00a0Fabrika ayarlar\u0131na geri d\u00f6nd\u00fcrme i\u00e7in tek tu\u015fla geri y\u00fckleme yap\u0131l\u0131r.<\/span><\/li>\n<li><span style=\"font-weight: 400;\">\u00a0Dahili Lityum batarya otomatik aktivasyon.<\/span><\/li>\n<li><span style=\"font-weight: 400;\">\u00a0Batarya ileti\u015fimi ve Wifi ileti\u015fimi i\u00e7in \u00e7ift ileti\u015fim portu vard\u0131r.<\/span><\/li>\n<li><span style=\"font-weight: 400;\">Dahili 120A MPPT Solar \u015farj cihaz\u0131: maksimum 6200W (3.6KW\/4.2KW i\u00e7in), maksimum 6500W (6.2KW i\u00e7in)<\/span><\/li>\n<li><span style=\"font-weight: 400;\">\u00a0Y\u00fcksek PV giri\u015f voltaj aral\u0131\u011f\u0131 (60~500VDC)\u00a0<\/span><\/li>\n<li><span style=\"font-weight: 400;\">Zorlu ortamlar i\u00e7in dahili toz \u00f6nleyici kit vard\u0131r.<\/span><\/li>\n<li><span style=\"font-weight: 400;\">\u00a0Batarya \u00f6mr\u00fcn\u00fc optimize etmek i\u00e7in ak\u0131ll\u0131 batarya \u015farj tasar\u0131m\u0131 mevcuttur.<\/span><\/li>\n<li><span style=\"font-weight: 400;\">6.2 kW g\u00fcc\u00fcnde olan bu cihaz, enerji verimlili\u011fi ve dayan\u0131kl\u0131l\u0131\u011f\u0131yla \u00f6ne \u00e7\u0131kmaktad\u0131r.<\/span><\/li>\n<li><span style=\"font-weight: 400;\">48V \u00e7al\u0131\u015fma gerilim ile g\u00fc\u00e7l\u00fc bir enerji kayna\u011f\u0131 sa\u011flar. Kullan\u0131c\u0131 dostu aray\u00fcz\u00fc ve kompakt tasar\u0131m\u0131 sayesinde kolay kullan\u0131m sa\u011flar.<\/span><\/li>\n<li><span style=\"font-weight: 400;\">Enerji ihtiya\u00e7lar\u0131n\u0131z\u0131 kar\u015f\u0131lamak i\u00e7in ideal bir \u00e7\u00f6z\u00fcmd\u00fcr.<\/span><\/li>\n<\/ul>\n","protected":false},"excerpt":{"rendered":"<p>Bu \u0130nverter modeli Saf sin\u00fcs dalga solar inverteridir. \u00a0IOS ve Android i\u00e7in WIFI&amp;GPRS mevcuttur. \u00a0\u0130nverter bataryas\u0131z \u00e7al\u0131\u015fabilir. \u00a0Fabrika ayarlar\u0131na geri d\u00f6nd\u00fcrme i\u00e7in tek tu\u015fla geri y\u00fckleme yap\u0131l\u0131r. \u00a0Dahili Lityum batarya otomatik aktivasyon. \u00a0Batarya ileti\u015fimi ve Wifi ileti\u015fimi i\u00e7in \u00e7ift ileti\u015fim portu vard\u0131r. Dahili 120A MPPT Solar \u015farj cihaz\u0131: maksimum 6200W (3.6KW\/4.2KW i\u00e7in), maksimum 6500W (6.2KW [&hellip;]<\/p>\n","protected":false},"featured_media":1119,"template":"","meta":{"_acf_changed":false},"product_brand":[],"product_cat":[19,41],"product_tag":[],"class_list":{"0":"post-1114","1":"product","2":"type-product","3":"status-publish","4":"has-post-thumbnail","6":"product_cat-all","7":"product_cat-exelon","9":"first","10":"instock","11":"shipping-taxable","12":"product-type-simple"},"acf":[],"_links":{"self":[{"href":"https:\/\/www.insightenerji.com\/en\/wp-json\/wp\/v2\/product\/1114","targetHints":{"allow":["GET"]}}],"collection":[{"href":"https:\/\/www.insightenerji.com\/en\/wp-json\/wp\/v2\/product"}],"about":[{"href":"https:\/\/www.insightenerji.com\/en\/wp-json\/wp\/v2\/types\/product"}],"wp:featuredmedia":[{"embeddable":true,"href":"https:\/\/www.insightenerji.com\/en\/wp-json\/wp\/v2\/media\/1119"}],"wp:attachment":[{"href":"https:\/\/www.insightenerji.com\/en\/wp-json\/wp\/v2\/media?parent=1114"}],"wp:term":[{"taxonomy":"product_brand","embeddable":true,"href":"https:\/\/www.insightenerji.com\/en\/wp-json\/wp\/v2\/product_brand?post=1114"},{"taxonomy":"product_cat","embeddable":true,"href":"https:\/\/www.insightenerji.com\/en\/wp-json\/wp\/v2\/product_cat?post=1114"},{"taxonomy":"product_tag","embeddable":true,"href":"https:\/\/www.insightenerji.com\/en\/wp-json\/wp\/v2\/product_tag?post=1114"}],"curies":[{"name":"wp","href":"https:\/\/api.w.org\/{rel}","templated":true}]}}