{"id":1109,"date":"2024-12-22T10:16:22","date_gmt":"2024-12-22T10:16:22","guid":{"rendered":"https:\/\/www.re.net.tr\/ie\/?post_type=product&#038;p=1109"},"modified":"2025-02-13T07:30:35","modified_gmt":"2025-02-13T07:30:35","slug":"12-v-1000-watt-akilli-inverter","status":"publish","type":"product","link":"https:\/\/www.insightenerji.com\/en\/urun\/12-v-1000-watt-akilli-inverter\/","title":{"rendered":"12 V 1000 WATT AKILLI I\u0307NVERTER"},"content":{"rendered":"<ul>\n<li><span style=\"font-weight: 400;\">\u00a01 KW Ak\u0131ll\u0131 inverterler Saf sin\u00fcs dalga g\u00fcne\u015f invert\u00f6r\u00fcd\u00fcr.<\/span><\/li>\n<li><span style=\"font-weight: 400;\">\u00a0Dahili 40A MPPT g\u00fcne\u015f \u015farj cihaz\u0131 \u00f6zelli\u011fine sahiptir.<\/span><\/li>\n<li><span style=\"font-weight: 400;\">\u00a0PV giri\u015f voltaj aral\u0131\u011f\u0131 20~150VDC (1000W i\u00e7in) \u015feklindedir.<\/span><\/li>\n<li><span style=\"font-weight: 400;\">\u00a0Zorlu \u00e7evre ko\u015fullar\u0131 i\u00e7in dahili toz \u00f6nleyici kit bulunmaktad\u0131r.<\/span><\/li>\n<li><span style=\"font-weight: 400;\">Ak\u00fc \u00f6mr\u00fcn\u00fc optimize etmek i\u00e7in ak\u0131ll\u0131 ak\u00fc \u015farj tasar\u0131m\u0131 mevcuttur.<\/span><\/li>\n<li><span style=\"font-weight: 400;\">G\u00fcne\u015f enerjisi \u00f6ncelikle y\u00fcke sa\u011flan\u0131r.<\/span><\/li>\n<li><span style=\"font-weight: 400;\">1 kW g\u00fcc\u00fcnde olan bu cihaz, enerji verimlili\u011fi ve dayan\u0131kl\u0131l\u0131\u011f\u0131yla \u00f6ne \u00e7\u0131kmaktad\u0131r.<\/span><\/li>\n<li><span style=\"font-weight: 400;\">12 V \u00e7al\u0131\u015fma gerilim ile g\u00fc\u00e7l\u00fc bir enerji kayna\u011f\u0131 sa\u011flar.<\/span><\/li>\n<li><span style=\"font-weight: 400;\">\u00a0Kullan\u0131c\u0131 dostu aray\u00fcz\u00fc ve kompakt tasar\u0131m\u0131 sayesinde kolay kullan\u0131m sa\u011flar.<\/span><\/li>\n<li><span style=\"font-weight: 400;\">Enerji ihtiya\u00e7lar\u0131n\u0131z\u0131 kar\u015f\u0131lamak i\u00e7in ideal bir \u00e7\u00f6z\u00fcmd\u00fcr.<\/span><\/li>\n<\/ul>\n","protected":false},"excerpt":{"rendered":"<p>\u00a01 KW Ak\u0131ll\u0131 inverterler Saf sin\u00fcs dalga g\u00fcne\u015f invert\u00f6r\u00fcd\u00fcr. \u00a0Dahili 40A MPPT g\u00fcne\u015f \u015farj cihaz\u0131 \u00f6zelli\u011fine sahiptir. \u00a0PV giri\u015f voltaj aral\u0131\u011f\u0131 20~150VDC (1000W i\u00e7in) \u015feklindedir. \u00a0Zorlu \u00e7evre ko\u015fullar\u0131 i\u00e7in dahili toz \u00f6nleyici kit bulunmaktad\u0131r. Ak\u00fc \u00f6mr\u00fcn\u00fc optimize etmek i\u00e7in ak\u0131ll\u0131 ak\u00fc \u015farj tasar\u0131m\u0131 mevcuttur. G\u00fcne\u015f enerjisi \u00f6ncelikle y\u00fcke sa\u011flan\u0131r. 1 kW g\u00fcc\u00fcnde olan bu cihaz, [&hellip;]<\/p>\n","protected":false},"featured_media":1110,"template":"","meta":{"_acf_changed":false},"product_brand":[],"product_cat":[19,41],"product_tag":[],"class_list":{"0":"post-1109","1":"product","2":"type-product","3":"status-publish","4":"has-post-thumbnail","6":"product_cat-all","7":"product_cat-exelon","9":"first","10":"instock","11":"shipping-taxable","12":"product-type-simple"},"acf":[],"_links":{"self":[{"href":"https:\/\/www.insightenerji.com\/en\/wp-json\/wp\/v2\/product\/1109","targetHints":{"allow":["GET"]}}],"collection":[{"href":"https:\/\/www.insightenerji.com\/en\/wp-json\/wp\/v2\/product"}],"about":[{"href":"https:\/\/www.insightenerji.com\/en\/wp-json\/wp\/v2\/types\/product"}],"wp:featuredmedia":[{"embeddable":true,"href":"https:\/\/www.insightenerji.com\/en\/wp-json\/wp\/v2\/media\/1110"}],"wp:attachment":[{"href":"https:\/\/www.insightenerji.com\/en\/wp-json\/wp\/v2\/media?parent=1109"}],"wp:term":[{"taxonomy":"product_brand","embeddable":true,"href":"https:\/\/www.insightenerji.com\/en\/wp-json\/wp\/v2\/product_brand?post=1109"},{"taxonomy":"product_cat","embeddable":true,"href":"https:\/\/www.insightenerji.com\/en\/wp-json\/wp\/v2\/product_cat?post=1109"},{"taxonomy":"product_tag","embeddable":true,"href":"https:\/\/www.insightenerji.com\/en\/wp-json\/wp\/v2\/product_tag?post=1109"}],"curies":[{"name":"wp","href":"https:\/\/api.w.org\/{rel}","templated":true}]}}