{"id":1100,"date":"2024-12-25T10:12:05","date_gmt":"2024-12-25T10:12:05","guid":{"rendered":"https:\/\/www.re.net.tr\/ie\/?post_type=product&#038;p=1100"},"modified":"2025-02-13T07:29:49","modified_gmt":"2025-02-13T07:29:49","slug":"48-v-50-a-lityum-aku","status":"publish","type":"product","link":"https:\/\/www.insightenerji.com\/en\/urun\/48-v-50-a-lityum-aku\/","title":{"rendered":"48 V  50 A LI\u0307TYUM AKU\u0308"},"content":{"rendered":"<ul>\n<li><span style=\"font-weight: 400;\">\u00a0\u00a0\u00a0\u00a0\u00a0\u00a0Lityum ak\u00fcler 1C De\u015farj\/ \u015earj durumuna sahiptir.<\/span><\/li>\n<li><span style=\"font-weight: 400;\">\u00a0\u00a0\u00a0\u00a0\u00a0\u00a06000 d\u00f6ng\u00fc ve 16 par\u00e7aya kadar paralel ba\u011flant\u0131ya sahiptir.<\/span><\/li>\n<li><span style=\"font-weight: 400;\">\u00a0\u00a0\u00a0\u00a0\u00a0\u00a0Bu lityum ak\u00fcler Ak\u0131ll\u0131 invert\u00f6rlerle uyumlu \u00e7al\u0131\u015fmaktad\u0131r.<\/span><\/li>\n<\/ul>\n","protected":false},"excerpt":{"rendered":"<p>\u00a0\u00a0\u00a0\u00a0\u00a0\u00a0Lityum ak\u00fcler 1C De\u015farj\/ \u015earj durumuna sahiptir. \u00a0\u00a0\u00a0\u00a0\u00a0\u00a06000 d\u00f6ng\u00fc ve 16 par\u00e7aya kadar paralel ba\u011flant\u0131ya sahiptir. \u00a0\u00a0\u00a0\u00a0\u00a0\u00a0Bu lityum ak\u00fcler Ak\u0131ll\u0131 invert\u00f6rlerle uyumlu \u00e7al\u0131\u015fmaktad\u0131r.<\/p>\n","protected":false},"featured_media":1101,"template":"","meta":{"_acf_changed":false},"product_brand":[],"product_cat":[19,41],"product_tag":[],"class_list":{"0":"post-1100","1":"product","2":"type-product","3":"status-publish","4":"has-post-thumbnail","6":"product_cat-all","7":"product_cat-exelon","9":"first","10":"instock","11":"shipping-taxable","12":"product-type-simple"},"acf":[],"_links":{"self":[{"href":"https:\/\/www.insightenerji.com\/en\/wp-json\/wp\/v2\/product\/1100","targetHints":{"allow":["GET"]}}],"collection":[{"href":"https:\/\/www.insightenerji.com\/en\/wp-json\/wp\/v2\/product"}],"about":[{"href":"https:\/\/www.insightenerji.com\/en\/wp-json\/wp\/v2\/types\/product"}],"wp:featuredmedia":[{"embeddable":true,"href":"https:\/\/www.insightenerji.com\/en\/wp-json\/wp\/v2\/media\/1101"}],"wp:attachment":[{"href":"https:\/\/www.insightenerji.com\/en\/wp-json\/wp\/v2\/media?parent=1100"}],"wp:term":[{"taxonomy":"product_brand","embeddable":true,"href":"https:\/\/www.insightenerji.com\/en\/wp-json\/wp\/v2\/product_brand?post=1100"},{"taxonomy":"product_cat","embeddable":true,"href":"https:\/\/www.insightenerji.com\/en\/wp-json\/wp\/v2\/product_cat?post=1100"},{"taxonomy":"product_tag","embeddable":true,"href":"https:\/\/www.insightenerji.com\/en\/wp-json\/wp\/v2\/product_tag?post=1100"}],"curies":[{"name":"wp","href":"https:\/\/api.w.org\/{rel}","templated":true}]}}