{"id":1097,"date":"2024-12-26T10:11:33","date_gmt":"2024-12-26T10:11:33","guid":{"rendered":"https:\/\/www.re.net.tr\/ie\/?post_type=product&#038;p=1097"},"modified":"2025-02-13T07:29:43","modified_gmt":"2025-02-13T07:29:43","slug":"128-v-200-a-li%cc%87tyum-aku%cc%88","status":"publish","type":"product","link":"https:\/\/www.insightenerji.com\/en\/urun\/128-v-200-a-li%cc%87tyum-aku%cc%88\/","title":{"rendered":"12,8 V 200 A LI\u0307TYUM AKU\u0308"},"content":{"rendered":"<ul>\n<li><span style=\"font-weight: 400;\">Lityum demir fosfat (LiFePO4) teknolojisini kullanarak y\u00fcksek g\u00fcvenlik ve verimlilik sa\u011flar.<\/span><\/li>\n<li><span style=\"font-weight: 400;\">Entegre edilmi\u015f batarya y\u00f6netim sistemi (BMS) ile donat\u0131lm\u0131\u015f olup, 6000&#8217;den fazla \u00e7evrim \u00f6mr\u00fc ve %99 verimlilik sunar.<\/span><\/li>\n<\/ul>\n","protected":false},"excerpt":{"rendered":"<p>Lityum demir fosfat (LiFePO4) teknolojisini kullanarak y\u00fcksek g\u00fcvenlik ve verimlilik sa\u011flar. Entegre edilmi\u015f batarya y\u00f6netim sistemi (BMS) ile donat\u0131lm\u0131\u015f olup, 6000&#8217;den fazla \u00e7evrim \u00f6mr\u00fc ve %99 verimlilik sunar.<\/p>\n","protected":false},"featured_media":1098,"template":"","meta":{"_acf_changed":false},"product_brand":[],"product_cat":[19,41],"product_tag":[],"class_list":{"0":"post-1097","1":"product","2":"type-product","3":"status-publish","4":"has-post-thumbnail","6":"product_cat-all","7":"product_cat-exelon","9":"first","10":"instock","11":"shipping-taxable","12":"product-type-simple"},"acf":[],"_links":{"self":[{"href":"https:\/\/www.insightenerji.com\/en\/wp-json\/wp\/v2\/product\/1097","targetHints":{"allow":["GET"]}}],"collection":[{"href":"https:\/\/www.insightenerji.com\/en\/wp-json\/wp\/v2\/product"}],"about":[{"href":"https:\/\/www.insightenerji.com\/en\/wp-json\/wp\/v2\/types\/product"}],"wp:featuredmedia":[{"embeddable":true,"href":"https:\/\/www.insightenerji.com\/en\/wp-json\/wp\/v2\/media\/1098"}],"wp:attachment":[{"href":"https:\/\/www.insightenerji.com\/en\/wp-json\/wp\/v2\/media?parent=1097"}],"wp:term":[{"taxonomy":"product_brand","embeddable":true,"href":"https:\/\/www.insightenerji.com\/en\/wp-json\/wp\/v2\/product_brand?post=1097"},{"taxonomy":"product_cat","embeddable":true,"href":"https:\/\/www.insightenerji.com\/en\/wp-json\/wp\/v2\/product_cat?post=1097"},{"taxonomy":"product_tag","embeddable":true,"href":"https:\/\/www.insightenerji.com\/en\/wp-json\/wp\/v2\/product_tag?post=1097"}],"curies":[{"name":"wp","href":"https:\/\/api.w.org\/{rel}","templated":true}]}}