{"id":1092,"date":"2024-12-27T10:10:42","date_gmt":"2024-12-27T10:10:42","guid":{"rendered":"https:\/\/www.re.net.tr\/ie\/?post_type=product&#038;p=1092"},"modified":"2025-02-13T07:29:37","modified_gmt":"2025-02-13T07:29:37","slug":"128-v-100-a-lityum-aku","status":"publish","type":"product","link":"https:\/\/www.insightenerji.com\/en\/urun\/128-v-100-a-lityum-aku\/","title":{"rendered":"12,8 V 100 A LI\u0307TYUM AKU\u0308"},"content":{"rendered":"<ul>\n<li><span style=\"font-weight: 400;\">Lityum demir fosfat (LiFePO4) teknolojisini kullanarak y\u00fcksek g\u00fcvenlik ve verimlilik sa\u011flar.<\/span><\/li>\n<li><span style=\"font-weight: 400;\">Entegre edilmi\u015f batarya y\u00f6netim sistemi (BMS) ile donat\u0131lm\u0131\u015f olup, 6000&#8217;den fazla \u00e7evrim \u00f6mr\u00fc ve %99 verimlilik sunar.<\/span><\/li>\n<\/ul>\n","protected":false},"excerpt":{"rendered":"<p>Lityum demir fosfat (LiFePO4) teknolojisini kullanarak y\u00fcksek g\u00fcvenlik ve verimlilik sa\u011flar. Entegre edilmi\u015f batarya y\u00f6netim sistemi (BMS) ile donat\u0131lm\u0131\u015f olup, 6000&#8217;den fazla \u00e7evrim \u00f6mr\u00fc ve %99 verimlilik sunar.<\/p>\n","protected":false},"featured_media":1096,"template":"","meta":{"_acf_changed":false},"product_brand":[],"product_cat":[19,41],"product_tag":[],"class_list":{"0":"post-1092","1":"product","2":"type-product","3":"status-publish","4":"has-post-thumbnail","6":"product_cat-all","7":"product_cat-exelon","9":"first","10":"instock","11":"shipping-taxable","12":"product-type-simple"},"acf":[],"_links":{"self":[{"href":"https:\/\/www.insightenerji.com\/en\/wp-json\/wp\/v2\/product\/1092","targetHints":{"allow":["GET"]}}],"collection":[{"href":"https:\/\/www.insightenerji.com\/en\/wp-json\/wp\/v2\/product"}],"about":[{"href":"https:\/\/www.insightenerji.com\/en\/wp-json\/wp\/v2\/types\/product"}],"wp:featuredmedia":[{"embeddable":true,"href":"https:\/\/www.insightenerji.com\/en\/wp-json\/wp\/v2\/media\/1096"}],"wp:attachment":[{"href":"https:\/\/www.insightenerji.com\/en\/wp-json\/wp\/v2\/media?parent=1092"}],"wp:term":[{"taxonomy":"product_brand","embeddable":true,"href":"https:\/\/www.insightenerji.com\/en\/wp-json\/wp\/v2\/product_brand?post=1092"},{"taxonomy":"product_cat","embeddable":true,"href":"https:\/\/www.insightenerji.com\/en\/wp-json\/wp\/v2\/product_cat?post=1092"},{"taxonomy":"product_tag","embeddable":true,"href":"https:\/\/www.insightenerji.com\/en\/wp-json\/wp\/v2\/product_tag?post=1092"}],"curies":[{"name":"wp","href":"https:\/\/api.w.org\/{rel}","templated":true}]}}