{"id":1087,"date":"2024-12-28T10:05:52","date_gmt":"2024-12-28T10:05:52","guid":{"rendered":"https:\/\/www.re.net.tr\/ie\/?post_type=product&#038;p=1087"},"modified":"2025-02-13T07:28:17","modified_gmt":"2025-02-13T07:28:17","slug":"12-v-200-a-jel-aku","status":"publish","type":"product","link":"https:\/\/www.insightenerji.com\/en\/urun\/12-v-200-a-jel-aku\/","title":{"rendered":"12 V 200 A JEL AKU\u0308"},"content":{"rendered":"<ul>\n<li><span style=\"font-weight: 400;\">12V 100 AH<\/span><\/li>\n<li><span style=\"font-weight: 400;\">12V 150 AH<\/span><\/li>\n<li><span style=\"font-weight: 400;\">12V 200 AH<\/span><\/li>\n<li><span style=\"font-weight: 400;\">Jel ak\u00fcler d\u00fc\u015f\u00fck bak\u0131m gereksinimi ve y\u00fcksek de\u015farj derinli\u011fi ile kullan\u0131c\u0131 dostudur.<\/span><\/li>\n<li><span style=\"font-weight: 400;\">-Geni\u015f \u00e7al\u0131\u015fma s\u0131cakl\u0131k aral\u0131\u011f\u0131 sayesinde \u00e7e\u015fitli ortam ko\u015fullar\u0131nda \u00fcst\u00fcn performans sa\u011flar.<\/span><\/li>\n<li><span style=\"font-weight: 400;\">-2000 d\u00f6ng\u00fcye sahiptir.<\/span><\/li>\n<li><strong>Nerelerde kullan\u0131l\u0131r?<\/strong><\/li>\n<li><strong>+ G\u00fcne\u015f Enerjisi Depolama Sistemi<\/strong><\/li>\n<li><strong>+ \u0130leti\u015fim g\u00fc\u00e7 kayna\u011f\u0131<\/strong><\/li>\n<li><strong>+ Motor \u00e7al\u0131\u015ft\u0131rma<\/strong><\/li>\n<li><strong>+ Pompa sistemleri<\/strong><\/li>\n<li><strong>+ Denizcilik ve enerji santralleri<\/strong><\/li>\n<\/ul>\n","protected":false},"excerpt":{"rendered":"<p>12V 100 AH 12V 150 AH 12V 200 AH Jel ak\u00fcler d\u00fc\u015f\u00fck bak\u0131m gereksinimi ve y\u00fcksek de\u015farj derinli\u011fi ile kullan\u0131c\u0131 dostudur. -Geni\u015f \u00e7al\u0131\u015fma s\u0131cakl\u0131k aral\u0131\u011f\u0131 sayesinde \u00e7e\u015fitli ortam ko\u015fullar\u0131nda \u00fcst\u00fcn performans sa\u011flar. -2000 d\u00f6ng\u00fcye sahiptir. Nerelerde kullan\u0131l\u0131r? + G\u00fcne\u015f Enerjisi Depolama Sistemi + \u0130leti\u015fim g\u00fc\u00e7 kayna\u011f\u0131 + Motor \u00e7al\u0131\u015ft\u0131rma + Pompa sistemleri + Denizcilik ve [&hellip;]<\/p>\n","protected":false},"featured_media":1083,"template":"","meta":{"_acf_changed":false},"product_brand":[],"product_cat":[19,41],"product_tag":[],"class_list":{"0":"post-1087","1":"product","2":"type-product","3":"status-publish","4":"has-post-thumbnail","6":"product_cat-all","7":"product_cat-exelon","9":"first","10":"instock","11":"shipping-taxable","12":"product-type-simple"},"acf":[],"_links":{"self":[{"href":"https:\/\/www.insightenerji.com\/en\/wp-json\/wp\/v2\/product\/1087","targetHints":{"allow":["GET"]}}],"collection":[{"href":"https:\/\/www.insightenerji.com\/en\/wp-json\/wp\/v2\/product"}],"about":[{"href":"https:\/\/www.insightenerji.com\/en\/wp-json\/wp\/v2\/types\/product"}],"wp:featuredmedia":[{"embeddable":true,"href":"https:\/\/www.insightenerji.com\/en\/wp-json\/wp\/v2\/media\/1083"}],"wp:attachment":[{"href":"https:\/\/www.insightenerji.com\/en\/wp-json\/wp\/v2\/media?parent=1087"}],"wp:term":[{"taxonomy":"product_brand","embeddable":true,"href":"https:\/\/www.insightenerji.com\/en\/wp-json\/wp\/v2\/product_brand?post=1087"},{"taxonomy":"product_cat","embeddable":true,"href":"https:\/\/www.insightenerji.com\/en\/wp-json\/wp\/v2\/product_cat?post=1087"},{"taxonomy":"product_tag","embeddable":true,"href":"https:\/\/www.insightenerji.com\/en\/wp-json\/wp\/v2\/product_tag?post=1087"}],"curies":[{"name":"wp","href":"https:\/\/api.w.org\/{rel}","templated":true}]}}