{"id":1071,"date":"2024-12-16T07:10:31","date_gmt":"2024-12-16T07:10:31","guid":{"rendered":"https:\/\/www.re.net.tr\/ie\/?post_type=product&#038;p=1071"},"modified":"2025-01-06T08:34:14","modified_gmt":"2025-01-06T08:34:14","slug":"sigma-800v-solar-seri-kompakt-salterler","status":"publish","type":"product","link":"https:\/\/www.insightenerji.com\/en\/urun\/sigma-800v-solar-seri-kompakt-salterler\/","title":{"rendered":"SIGMA 800V SOLAR SER\u0130 KOMPAKT \u015eALTERLER"},"content":{"rendered":"<ul>\n<li class=\"p1\"><strong>800V GES PROJELER\u0130 \u0130\u00c7\u0130N \u00d6ZEL D\u0130ZAYN<\/strong><\/li>\n<li class=\"p1\"><strong>Y\u00dcKSEK KISA DEVRE DAYANIMI SAYES\u0130NDE MAKS\u0130MUM S\u0130STEM G\u00dcVENL\u0130\u011e\u0130<\/strong><\/li>\n<li class=\"p1\"><strong>UYGUN TERM\u0130K D\u0130ZAYN SAYES\u0130NDE HATALI TERM\u0130K A\u00c7MALARA SON<\/strong><\/li>\n<li class=\"p1\"><strong>DAH\u0130L\u0130 FAZ PERDES\u0130 \u0130LE Y\u00dcKSEK S\u0130STEM G\u00dcVENL\u0130\u011e\u0130<\/strong><\/li>\n<li class=\"p1\"><strong>DAH\u0130L\u0130 UZATMA BARASI \u0130LE Y\u00dcKSEK KES\u0130T KABLOLARIN G\u00dcVENL\u0130 KULLANIMI<\/strong><\/li>\n<li class=\"p1\"><strong>DOBLE BREAK TEKNOLOJ\u0130S\u0130 \u0130LE EN ZOR KO\u015eULLARA UYGUN<\/strong><\/li>\n<li class=\"p1\"><strong>Y\u00dcKSEK MEKAN\u0130K VE ELEKTR\u0130K A\u00c7MA KAPAS\u0130TES\u0130 SAYES\u0130NDE 5 YIL GARANT\u0130 VEREN TEK MARKA<\/strong><\/li>\n<\/ul>\n","protected":false},"excerpt":{"rendered":"<p>800V GES PROJELER\u0130 \u0130\u00c7\u0130N \u00d6ZEL D\u0130ZAYN Y\u00dcKSEK KISA DEVRE DAYANIMI SAYES\u0130NDE MAKS\u0130MUM S\u0130STEM G\u00dcVENL\u0130\u011e\u0130 UYGUN TERM\u0130K D\u0130ZAYN SAYES\u0130NDE HATALI TERM\u0130K A\u00c7MALARA SON DAH\u0130L\u0130 FAZ PERDES\u0130 \u0130LE Y\u00dcKSEK S\u0130STEM G\u00dcVENL\u0130\u011e\u0130 DAH\u0130L\u0130 UZATMA BARASI \u0130LE Y\u00dcKSEK KES\u0130T KABLOLARIN G\u00dcVENL\u0130 KULLANIMI DOBLE BREAK TEKNOLOJ\u0130S\u0130 \u0130LE EN ZOR KO\u015eULLARA UYGUN Y\u00dcKSEK MEKAN\u0130K VE ELEKTR\u0130K A\u00c7MA KAPAS\u0130TES\u0130 SAYES\u0130NDE 5 YIL [&hellip;]<\/p>\n","protected":false},"featured_media":1073,"template":"","meta":{"_acf_changed":false},"product_brand":[],"product_cat":[19,40],"product_tag":[],"class_list":{"0":"post-1071","1":"product","2":"type-product","3":"status-publish","4":"has-post-thumbnail","6":"product_cat-all","7":"product_cat-sigma","9":"first","10":"instock","11":"shipping-taxable","12":"product-type-simple"},"acf":[],"_links":{"self":[{"href":"https:\/\/www.insightenerji.com\/en\/wp-json\/wp\/v2\/product\/1071","targetHints":{"allow":["GET"]}}],"collection":[{"href":"https:\/\/www.insightenerji.com\/en\/wp-json\/wp\/v2\/product"}],"about":[{"href":"https:\/\/www.insightenerji.com\/en\/wp-json\/wp\/v2\/types\/product"}],"wp:featuredmedia":[{"embeddable":true,"href":"https:\/\/www.insightenerji.com\/en\/wp-json\/wp\/v2\/media\/1073"}],"wp:attachment":[{"href":"https:\/\/www.insightenerji.com\/en\/wp-json\/wp\/v2\/media?parent=1071"}],"wp:term":[{"taxonomy":"product_brand","embeddable":true,"href":"https:\/\/www.insightenerji.com\/en\/wp-json\/wp\/v2\/product_brand?post=1071"},{"taxonomy":"product_cat","embeddable":true,"href":"https:\/\/www.insightenerji.com\/en\/wp-json\/wp\/v2\/product_cat?post=1071"},{"taxonomy":"product_tag","embeddable":true,"href":"https:\/\/www.insightenerji.com\/en\/wp-json\/wp\/v2\/product_tag?post=1071"}],"curies":[{"name":"wp","href":"https:\/\/api.w.org\/{rel}","templated":true}]}}