{"id":1044,"date":"2024-12-11T11:34:05","date_gmt":"2024-12-11T11:34:05","guid":{"rendered":"https:\/\/www.re.net.tr\/ie\/?post_type=product&#038;p=1044"},"modified":"2024-12-11T11:37:33","modified_gmt":"2024-12-11T11:37:33","slug":"zes-540-555-w-hc182-ti-mbb-hc-monofacial-fotovoltaik-modul","status":"publish","type":"product","link":"https:\/\/www.insightenerji.com\/en\/urun\/zes-540-555-w-hc182-ti-mbb-hc-monofacial-fotovoltaik-modul\/","title":{"rendered":"ZES &#8211; 540-555 W &#8211; HC182 T\u0130 MBB HC MONOFACIAL FOTOVOLTA\u0130K MOD\u00dcL"},"content":{"rendered":"<p class=\"p1\"><b>Maksimum Verimlilik: %21,50<\/b><\/p>\n<p class=\"p1\"><b>H\u00fccre Tipi: 144 PERC Bifacial h\u00fccre (182 mm x 91 mm)<\/b><\/p>\n<p class=\"p1\"><b>\u00d6n Cam: 3.2 mm AR kaplamal\u0131 temperli cam<\/b><\/p>\n<p class=\"p1\"><b>\u00c7er\u00e7eve: Eloksall\u0131 al\u00fcminyum ala\u015f\u0131m<\/b><\/p>\n<p class=\"p1\"><b>G\u00fc\u00e7 Tolerans\u0131: 0, +5 W<\/b><\/p>\n<p class=\"p1\"><b>Mod\u00fcl \u00d6l\u00e7\u00fcleri: 2278 \u00b1 2 mm x 1134 \u00b1 2 mm x 35 \u00b1 1 mm<\/b><\/p>\n<p class=\"p1\"><b>\u00dcr\u00fcn Garantisi: 12 y\u0131l<\/b><\/p>\n<p class=\"p1\"><b>Performans Garantisi: 25 y\u0131l, %82,4&#8217;e kadar lineer azalma<\/b><\/p>\n<p class=\"p1\"><b>T\u00fcrkiye\u2019de ge\u00e7erli olan 3. \u015eah\u0131s Mali Mesuliyet Sigortas\u0131 ile \u00fcr\u00fcn kaynakl\u0131 hasarlara kar\u015f\u0131 koruma<\/b><\/p>\n<p class=\"p1\"><b>Zorlu Holding g\u00fcvencesiyle mekanik ve elektriksel garanti s\u00fcresi<\/b><\/p>\n<p class=\"p1\"><b>Ak\u0131m s\u0131n\u0131f\u0131na g\u00f6re panellerde paketleme yap\u0131lmas\u0131<\/b><\/p>\n<p class=\"p1\"><b>En iyi kaliteye sahip ve gerekli sertifikalar\u0131 al\u0131nm\u0131\u015f hammadde kullan\u0131m\u0131<\/b><\/p>\n","protected":false},"excerpt":{"rendered":"<p>Maksimum Verimlilik: %21,50 H\u00fccre Tipi: 144 PERC Bifacial h\u00fccre (182 mm x 91 mm) \u00d6n Cam: 3.2 mm AR kaplamal\u0131 temperli cam \u00c7er\u00e7eve: Eloksall\u0131 al\u00fcminyum ala\u015f\u0131m G\u00fc\u00e7 Tolerans\u0131: 0, +5 W Mod\u00fcl \u00d6l\u00e7\u00fcleri: 2278 \u00b1 2 mm x 1134 \u00b1 2 mm x 35 \u00b1 1 mm \u00dcr\u00fcn Garantisi: 12 y\u0131l Performans Garantisi: 25 y\u0131l, [&hellip;]<\/p>\n","protected":false},"featured_media":1049,"template":"","meta":{"_acf_changed":false},"product_brand":[],"product_cat":[19,39],"product_tag":[],"class_list":{"0":"post-1044","1":"product","2":"type-product","3":"status-publish","4":"has-post-thumbnail","6":"product_cat-all","7":"product_cat-zes","9":"first","10":"instock","11":"shipping-taxable","12":"product-type-simple"},"acf":[],"_links":{"self":[{"href":"https:\/\/www.insightenerji.com\/en\/wp-json\/wp\/v2\/product\/1044","targetHints":{"allow":["GET"]}}],"collection":[{"href":"https:\/\/www.insightenerji.com\/en\/wp-json\/wp\/v2\/product"}],"about":[{"href":"https:\/\/www.insightenerji.com\/en\/wp-json\/wp\/v2\/types\/product"}],"wp:featuredmedia":[{"embeddable":true,"href":"https:\/\/www.insightenerji.com\/en\/wp-json\/wp\/v2\/media\/1049"}],"wp:attachment":[{"href":"https:\/\/www.insightenerji.com\/en\/wp-json\/wp\/v2\/media?parent=1044"}],"wp:term":[{"taxonomy":"product_brand","embeddable":true,"href":"https:\/\/www.insightenerji.com\/en\/wp-json\/wp\/v2\/product_brand?post=1044"},{"taxonomy":"product_cat","embeddable":true,"href":"https:\/\/www.insightenerji.com\/en\/wp-json\/wp\/v2\/product_cat?post=1044"},{"taxonomy":"product_tag","embeddable":true,"href":"https:\/\/www.insightenerji.com\/en\/wp-json\/wp\/v2\/product_tag?post=1044"}],"curies":[{"name":"wp","href":"https:\/\/api.w.org\/{rel}","templated":true}]}}