{"id":1031,"date":"2024-12-11T10:56:50","date_gmt":"2024-12-11T10:56:50","guid":{"rendered":"https:\/\/www.re.net.tr\/ie\/?post_type=product&#038;p=1031"},"modified":"2024-12-11T10:56:50","modified_gmt":"2024-12-11T10:56:50","slug":"zes-585-600-hc182-topcon-cam-cam-fotovoltaik-modul","status":"publish","type":"product","link":"https:\/\/www.insightenerji.com\/en\/urun\/zes-585-600-hc182-topcon-cam-cam-fotovoltaik-modul\/","title":{"rendered":"ZES-585-600 HC182 TOPCON CAM CAM FOTOVOLTA\u0130K MOD\u00dcL"},"content":{"rendered":"<p class=\"p1\"><b>Maksimum Verimlilik<\/b>: %23,10<\/p>\n<p class=\"p1\"><b>H\u00fccre Tipi<\/b>: 144 TOPCon monokristalin silikon (182 mm x 91 mm)<\/p>\n<p class=\"p1\"><b>\u00d6n ve Arka Cam<\/b>: 2.00 mm \/ 2.00 mm<\/p>\n<p class=\"p1\"><b>G\u00fc\u00e7 Tolerans\u0131<\/b>: 0, +5 W<\/p>\n<p class=\"p1\"><b>Mod\u00fcl \u00d6l\u00e7\u00fcleri<\/b>: 2295 \u00b1 2 mm x 1132 \u00b1 2 mm x 30 \u00b1 1 mm<\/p>\n<p class=\"p1\"><b>\u00dcr\u00fcn Garantisi<\/b>: 15 y\u0131l<\/p>\n<p class=\"p1\"><b>Zorlu G\u00fcvencesi<\/b><\/p>\n<p class=\"p1\">T\u00fcrkiye\u2019de ge\u00e7erli olan <b>3. \u015eah\u0131s Mali Mesuliyet Sigortas\u0131<\/b> ile \u00fcr\u00fcn kaynakl\u0131 hasarlara kar\u015f\u0131 koruma<\/p>\n<p class=\"p1\"><b>Zorlu Holding g\u00fcvencesiyle mekanik ve elektriksel garanti s\u00fcresi<\/b><\/p>\n<p class=\"p1\"><b>Ak\u0131m s\u0131n\u0131f\u0131na g\u00f6re panellerde paketleme yap\u0131lmas\u0131<\/b><\/p>\n<p class=\"p1\"><b>En iyi kaliteye sahip ve gerekli sertifikalar\u0131 al\u0131nm\u0131\u015f hammadde kullan\u0131m\u0131<\/b><\/p>\n","protected":false},"excerpt":{"rendered":"<p>Maksimum Verimlilik: %23,10 H\u00fccre Tipi: 144 TOPCon monokristalin silikon (182 mm x 91 mm) \u00d6n ve Arka Cam: 2.00 mm \/ 2.00 mm G\u00fc\u00e7 Tolerans\u0131: 0, +5 W Mod\u00fcl \u00d6l\u00e7\u00fcleri: 2295 \u00b1 2 mm x 1132 \u00b1 2 mm x 30 \u00b1 1 mm \u00dcr\u00fcn Garantisi: 15 y\u0131l Zorlu G\u00fcvencesi T\u00fcrkiye\u2019de ge\u00e7erli olan 3. \u015eah\u0131s [&hellip;]<\/p>\n","protected":false},"featured_media":1033,"template":"","meta":{"_acf_changed":false},"product_brand":[],"product_cat":[19,39],"product_tag":[],"class_list":{"0":"post-1031","1":"product","2":"type-product","3":"status-publish","4":"has-post-thumbnail","6":"product_cat-all","7":"product_cat-zes","9":"first","10":"instock","11":"shipping-taxable","12":"product-type-simple"},"acf":[],"_links":{"self":[{"href":"https:\/\/www.insightenerji.com\/en\/wp-json\/wp\/v2\/product\/1031","targetHints":{"allow":["GET"]}}],"collection":[{"href":"https:\/\/www.insightenerji.com\/en\/wp-json\/wp\/v2\/product"}],"about":[{"href":"https:\/\/www.insightenerji.com\/en\/wp-json\/wp\/v2\/types\/product"}],"wp:featuredmedia":[{"embeddable":true,"href":"https:\/\/www.insightenerji.com\/en\/wp-json\/wp\/v2\/media\/1033"}],"wp:attachment":[{"href":"https:\/\/www.insightenerji.com\/en\/wp-json\/wp\/v2\/media?parent=1031"}],"wp:term":[{"taxonomy":"product_brand","embeddable":true,"href":"https:\/\/www.insightenerji.com\/en\/wp-json\/wp\/v2\/product_brand?post=1031"},{"taxonomy":"product_cat","embeddable":true,"href":"https:\/\/www.insightenerji.com\/en\/wp-json\/wp\/v2\/product_cat?post=1031"},{"taxonomy":"product_tag","embeddable":true,"href":"https:\/\/www.insightenerji.com\/en\/wp-json\/wp\/v2\/product_tag?post=1031"}],"curies":[{"name":"wp","href":"https:\/\/api.w.org\/{rel}","templated":true}]}}