{"id":1027,"date":"2024-12-11T10:53:49","date_gmt":"2024-12-11T10:53:49","guid":{"rendered":"https:\/\/www.re.net.tr\/ie\/?post_type=product&#038;p=1027"},"modified":"2024-12-11T10:53:49","modified_gmt":"2024-12-11T10:53:49","slug":"zes-620-625-hc182-tc-01-topcon-cam-cam-fotovoltaik-modul","status":"publish","type":"product","link":"https:\/\/www.insightenerji.com\/en\/urun\/zes-620-625-hc182-tc-01-topcon-cam-cam-fotovoltaik-modul\/","title":{"rendered":"ZES-620-625-HC182-TC-01 TOPCON CAM CAM FOTOVOLTA\u0130K MOD\u00dcL"},"content":{"rendered":"<p class=\"p1\"><b>Maksimum Verimlilik<\/b>: %23,17<\/p>\n<p class=\"p1\"><b>H\u00fccre Tipi<\/b>: 132 TOPCon monokristalin silikon (182 mm x 105 mm)<\/p>\n<p class=\"p1\"><b>\u00d6n ve Arka Cam<\/b> : 2.00 mm \/ 2.00 mm<\/p>\n<p class=\"p1\"><b>G\u00fc\u00e7 Tolerans\u0131<\/b>: 0, +5 W<\/p>\n<p class=\"p1\"><b>Mod\u00fcl \u00d6l\u00e7\u00fcleri:<\/b> 2382 \u00b1 2 mm x 1132 \u00b1 2 mm x 30 \u00b1 0,5 mm<\/p>\n<p class=\"p1\"><b>\u00dcr\u00fcn Garantisi:<\/b> 15 y\u0131l<\/p>\n<p class=\"p1\"><b>Performans Garantisi:<\/b> 30 y\u0131l, %87,4&#8217;e kadar lineer azalma<\/p>\n<p class=\"p1\"><b>Zorlu G\u00fcvencesi<\/b><\/p>\n<p class=\"p1\"><b>T\u00fcrkiye\u2019de ge\u00e7erli olan 3. \u015eah\u0131s Mali Mesuliyet Sigortas\u0131 ile \u00fcr\u00fcn kaynakl\u0131 hasarlara kar\u015f\u0131 koruma<\/b><\/p>\n<p class=\"p1\"><b>Zorlu Holding g\u00fcvencesiyle mekanik ve elektriksel garanti s\u00fcresi<\/b><\/p>\n<p class=\"p1\"><b>Ak\u0131m s\u0131n\u0131f\u0131na g\u00f6re panellerde paketleme yap\u0131lmas\u0131<\/b><\/p>\n<p class=\"p1\"><b>En iyi kaliteye sahip ve gerekli sertifikalar\u0131 al\u0131nm\u0131\u015f hammadde kullan\u0131m\u0131<\/b><\/p>\n","protected":false},"excerpt":{"rendered":"<p>Maksimum Verimlilik: %23,17 H\u00fccre Tipi: 132 TOPCon monokristalin silikon (182 mm x 105 mm) \u00d6n ve Arka Cam : 2.00 mm \/ 2.00 mm G\u00fc\u00e7 Tolerans\u0131: 0, +5 W Mod\u00fcl \u00d6l\u00e7\u00fcleri: 2382 \u00b1 2 mm x 1132 \u00b1 2 mm x 30 \u00b1 0,5 mm \u00dcr\u00fcn Garantisi: 15 y\u0131l Performans Garantisi: 30 y\u0131l, %87,4&#8217;e kadar [&hellip;]<\/p>\n","protected":false},"featured_media":1028,"template":"","meta":{"_acf_changed":false},"product_brand":[],"product_cat":[19,39],"product_tag":[],"class_list":{"0":"post-1027","1":"product","2":"type-product","3":"status-publish","4":"has-post-thumbnail","6":"product_cat-all","7":"product_cat-zes","9":"first","10":"instock","11":"shipping-taxable","12":"product-type-simple"},"acf":[],"_links":{"self":[{"href":"https:\/\/www.insightenerji.com\/en\/wp-json\/wp\/v2\/product\/1027","targetHints":{"allow":["GET"]}}],"collection":[{"href":"https:\/\/www.insightenerji.com\/en\/wp-json\/wp\/v2\/product"}],"about":[{"href":"https:\/\/www.insightenerji.com\/en\/wp-json\/wp\/v2\/types\/product"}],"wp:featuredmedia":[{"embeddable":true,"href":"https:\/\/www.insightenerji.com\/en\/wp-json\/wp\/v2\/media\/1028"}],"wp:attachment":[{"href":"https:\/\/www.insightenerji.com\/en\/wp-json\/wp\/v2\/media?parent=1027"}],"wp:term":[{"taxonomy":"product_brand","embeddable":true,"href":"https:\/\/www.insightenerji.com\/en\/wp-json\/wp\/v2\/product_brand?post=1027"},{"taxonomy":"product_cat","embeddable":true,"href":"https:\/\/www.insightenerji.com\/en\/wp-json\/wp\/v2\/product_cat?post=1027"},{"taxonomy":"product_tag","embeddable":true,"href":"https:\/\/www.insightenerji.com\/en\/wp-json\/wp\/v2\/product_tag?post=1027"}],"curies":[{"name":"wp","href":"https:\/\/api.w.org\/{rel}","templated":true}]}}