{"id":1015,"date":"2024-12-11T10:47:02","date_gmt":"2024-12-11T10:47:02","guid":{"rendered":"https:\/\/www.re.net.tr\/ie\/?post_type=product&#038;p=1015"},"modified":"2024-12-11T10:51:05","modified_gmt":"2024-12-11T10:51:05","slug":"oxo-tracker-tek-eksen","status":"publish","type":"product","link":"https:\/\/www.insightenerji.com\/en\/urun\/oxo-tracker-tek-eksen\/","title":{"rendered":"OXO TRACKER \u2013 TEK EKSEN"},"content":{"rendered":"<p class=\"p1\">IEC SERT\u0130F\u0130KALI TEK YERL\u0130 \u00dcRET\u0130M<\/p>\n<p class=\"p1\">EN \u00dcST SEV\u0130YE BOM L\u0130ST<\/p>\n<p class=\"p1\">%30\u2019A VARAN \u00dcRET\u0130M ARTI\u015eI<\/p>\n<p class=\"p1\">HUCK BOLT S\u0130STEM\u0130 \u0130LE M\u0130N\u0130MUM \u0130\u015eLETME BAKIM MAL\u0130YET\u0130<\/p>\n<p class=\"p1\">Z\u0130GBEE PROTOKOL\u00dc \u0130LE KES\u0130NT\u0130S\u0130Z \u0130ZLEME<\/p>\n<p class=\"p1\">KAR \u2013 DOLU \u2013 R\u00dcZGAR PARK POZ\u0130SYONU \u0130LE YARTIRIMIZI KORUR.<\/p>\n<p class=\"p1\">24\/48 SAAT \u0130\u00c7ER\u0130S\u0130NDE M\u00dcDAHALE GARANT\u0130S\u0130<\/p>\n<p class=\"p1\">SAB\u0130T S\u0130STEME G\u00d6RE DAHA KOLAY KURULUM<\/p>\n","protected":false},"excerpt":{"rendered":"<p>IEC SERT\u0130F\u0130KALI TEK YERL\u0130 \u00dcRET\u0130M EN \u00dcST SEV\u0130YE BOM L\u0130ST %30\u2019A VARAN \u00dcRET\u0130M ARTI\u015eI HUCK BOLT S\u0130STEM\u0130 \u0130LE M\u0130N\u0130MUM \u0130\u015eLETME BAKIM MAL\u0130YET\u0130 Z\u0130GBEE PROTOKOL\u00dc \u0130LE KES\u0130NT\u0130S\u0130Z \u0130ZLEME KAR \u2013 DOLU \u2013 R\u00dcZGAR PARK POZ\u0130SYONU \u0130LE YARTIRIMIZI KORUR. 24\/48 SAAT \u0130\u00c7ER\u0130S\u0130NDE M\u00dcDAHALE GARANT\u0130S\u0130 SAB\u0130T S\u0130STEME G\u00d6RE DAHA KOLAY KURULUM<\/p>\n","protected":false},"featured_media":1017,"template":"","meta":{"_acf_changed":false},"product_brand":[],"product_cat":[19,38],"product_tag":[],"class_list":{"0":"post-1015","1":"product","2":"type-product","3":"status-publish","4":"has-post-thumbnail","6":"product_cat-all","7":"product_cat-oxo","9":"first","10":"instock","11":"shipping-taxable","12":"product-type-simple"},"acf":[],"_links":{"self":[{"href":"https:\/\/www.insightenerji.com\/en\/wp-json\/wp\/v2\/product\/1015","targetHints":{"allow":["GET"]}}],"collection":[{"href":"https:\/\/www.insightenerji.com\/en\/wp-json\/wp\/v2\/product"}],"about":[{"href":"https:\/\/www.insightenerji.com\/en\/wp-json\/wp\/v2\/types\/product"}],"wp:featuredmedia":[{"embeddable":true,"href":"https:\/\/www.insightenerji.com\/en\/wp-json\/wp\/v2\/media\/1017"}],"wp:attachment":[{"href":"https:\/\/www.insightenerji.com\/en\/wp-json\/wp\/v2\/media?parent=1015"}],"wp:term":[{"taxonomy":"product_brand","embeddable":true,"href":"https:\/\/www.insightenerji.com\/en\/wp-json\/wp\/v2\/product_brand?post=1015"},{"taxonomy":"product_cat","embeddable":true,"href":"https:\/\/www.insightenerji.com\/en\/wp-json\/wp\/v2\/product_cat?post=1015"},{"taxonomy":"product_tag","embeddable":true,"href":"https:\/\/www.insightenerji.com\/en\/wp-json\/wp\/v2\/product_tag?post=1015"}],"curies":[{"name":"wp","href":"https:\/\/api.w.org\/{rel}","templated":true}]}}