{"id":1010,"date":"2024-12-11T10:20:55","date_gmt":"2024-12-11T10:20:55","guid":{"rendered":"https:\/\/www.re.net.tr\/ie\/?post_type=product&#038;p=1010"},"modified":"2024-12-11T13:37:59","modified_gmt":"2024-12-11T13:37:59","slug":"half-cell-monofacial-pv-modul-hsa72m10mf-530-550-watt-mbb","status":"publish","type":"product","link":"https:\/\/www.insightenerji.com\/en\/urun\/half-cell-monofacial-pv-modul-hsa72m10mf-530-550-watt-mbb\/","title":{"rendered":"Half-Cell Monofacial PV Mod\u00fcl HSA72M10MF 530-550 Watt MBB"},"content":{"rendered":"<p class=\"p1\"><b>Maksimum Verimlilik<\/b>: %23<\/p>\n<p class=\"p1\"><b>H\u00fccre Tipi<\/b>: 144 P Type Monokristalin silikon ( 6 x 24 )<\/p>\n<p class=\"p1\"><b>\u00d6n Cam <\/b>: 3.2 mm<\/p>\n<p class=\"p1\"><b>G\u00fc\u00e7 Tolerans\u0131<\/b>: 0, +5 W<\/p>\n<p class=\"p1\"><b>Mod\u00fcl \u00d6l\u00e7\u00fcleri:<\/b> 2278 \u00b1 2 mm x 1134 \u00b1 2 mm x 35 \u00b1 1 mm<\/p>\n<p class=\"p1\"><b>\u00dcr\u00fcn Garantisi:<\/b> 12 y\u0131l<\/p>\n<p class=\"p1\"><b>Performans Garantisi:<\/b> 25 y\u0131l, %84,8&#8217;e kadar lineer azalma<\/p>\n<p class=\"p1\">Y\u0131ll\u0131k %0,55 g\u00fc\u00e7 kayb\u0131<\/p>\n<p class=\"p1\"><b>Global markalar\u0131n \u00fcretim merkezi HSA Enerji JA Solar ve Jinko Solar\u00a0<\/b><\/p>\n<p class=\"p1\"><b>T\u00fcrkiye\u2019nin en b\u00fcy\u00fck Tier-1 \u00fcretim merkezi<\/b><\/p>\n<p class=\"p1\"><b>IV Testi A++ Pasan ile Daha D\u00fc\u015f\u00fck \u00d6l\u00e7\u00fcm Belirsizli\u011fi<\/b><\/p>\n<p class=\"p1\"><b>Bitmi\u015f \u00dcr\u00fcn Denetimi (PSI-Pre Shipment Inspection)<\/b><\/p>\n<p class=\"p1\"><b>P-Type teknolojisi ile \u00fcretilen Mavi \u00c7am G\u00fcne\u015f panelleri, yenilik\u00e7i 11 busbar yap\u0131s\u0131 sayesinde d\u00fc\u015f\u00fck hot spot riski sunarak g\u00fcvenilir bir enerji \u00fcretimi sa\u011flar.<\/b><\/p>\n","protected":false},"excerpt":{"rendered":"<p>Maksimum Verimlilik: %23 H\u00fccre Tipi: 144 P Type Monokristalin silikon ( 6 x 24 ) \u00d6n Cam : 3.2 mm G\u00fc\u00e7 Tolerans\u0131: 0, +5 W Mod\u00fcl \u00d6l\u00e7\u00fcleri: 2278 \u00b1 2 mm x 1134 \u00b1 2 mm x 35 \u00b1 1 mm \u00dcr\u00fcn Garantisi: 12 y\u0131l Performans Garantisi: 25 y\u0131l, %84,8&#8217;e kadar lineer azalma Y\u0131ll\u0131k %0,55 [&hellip;]<\/p>\n","protected":false},"featured_media":1056,"template":"","meta":{"_acf_changed":false},"product_brand":[],"product_cat":[19,37],"product_tag":[],"class_list":{"0":"post-1010","1":"product","2":"type-product","3":"status-publish","4":"has-post-thumbnail","6":"product_cat-all","7":"product_cat-hsa","9":"first","10":"instock","11":"shipping-taxable","12":"product-type-simple"},"acf":[],"_links":{"self":[{"href":"https:\/\/www.insightenerji.com\/en\/wp-json\/wp\/v2\/product\/1010","targetHints":{"allow":["GET"]}}],"collection":[{"href":"https:\/\/www.insightenerji.com\/en\/wp-json\/wp\/v2\/product"}],"about":[{"href":"https:\/\/www.insightenerji.com\/en\/wp-json\/wp\/v2\/types\/product"}],"wp:featuredmedia":[{"embeddable":true,"href":"https:\/\/www.insightenerji.com\/en\/wp-json\/wp\/v2\/media\/1056"}],"wp:attachment":[{"href":"https:\/\/www.insightenerji.com\/en\/wp-json\/wp\/v2\/media?parent=1010"}],"wp:term":[{"taxonomy":"product_brand","embeddable":true,"href":"https:\/\/www.insightenerji.com\/en\/wp-json\/wp\/v2\/product_brand?post=1010"},{"taxonomy":"product_cat","embeddable":true,"href":"https:\/\/www.insightenerji.com\/en\/wp-json\/wp\/v2\/product_cat?post=1010"},{"taxonomy":"product_tag","embeddable":true,"href":"https:\/\/www.insightenerji.com\/en\/wp-json\/wp\/v2\/product_tag?post=1010"}],"curies":[{"name":"wp","href":"https:\/\/api.w.org\/{rel}","templated":true}]}}