{"id":1005,"date":"2024-12-11T10:17:56","date_gmt":"2024-12-11T10:17:56","guid":{"rendered":"https:\/\/www.re.net.tr\/ie\/?post_type=product&#038;p=1005"},"modified":"2024-12-11T13:38:27","modified_gmt":"2024-12-11T13:38:27","slug":"n-type-cam-cam-pv-modul-hsa72m10ggns-580-595-watt-smbb","status":"publish","type":"product","link":"https:\/\/www.insightenerji.com\/en\/urun\/n-type-cam-cam-pv-modul-hsa72m10ggns-580-595-watt-smbb\/","title":{"rendered":"N-Type Cam-Cam PV Mod\u00fcl HSA72M10GGNS 580-595 Watt SMBB"},"content":{"rendered":"<p class=\"p1\"><b>Maksimum Verimlilik<\/b>: %23<\/p>\n<p class=\"p1\"><b>H\u00fccre Tipi<\/b>: 144 TOPCon monokristalin silikon ( 6&#215;24)<\/p>\n<p class=\"p1\"><b>\u00d6n ve Arka Cam<\/b> : 2.00 mm \/ 2.00 mm<\/p>\n<p class=\"p1\"><b>G\u00fc\u00e7 Tolerans\u0131<\/b>: 0, +5 W<\/p>\n<p class=\"p1\"><b>Mod\u00fcl \u00d6l\u00e7\u00fcleri:<\/b> 2278 \u00b1 2 mm x 1134 \u00b1 2 mm x 30 \u00b1 1 mm<\/p>\n<p class=\"p1\"><b>\u00dcr\u00fcn Garantisi:<\/b> 15 y\u0131l<\/p>\n<p class=\"p1\"><b>Performans Garantisi:<\/b> 30 y\u0131l, %87,4&#8217;e kadar lineer azalma<\/p>\n<p class=\"p1\">Y\u0131ll\u0131k %0,40 g\u00fc\u00e7 kayb\u0131<\/p>\n<p class=\"p1\"><b>Global markalar\u0131n \u00fcretim merkezi HSA Enerji JA Solar ve Jinko Solar\u00a0<\/b><\/p>\n<p class=\"p1\"><b>T\u00fcrkiye\u2019nin en b\u00fcy\u00fck Tier-1 \u00fcretim merkezi<\/b><\/p>\n<p class=\"p1\"><b>IV Testi A++ Pasan ile Daha D\u00fc\u015f\u00fck \u00d6l\u00e7\u00fcm Belirsizli\u011fi<\/b><\/p>\n<p class=\"p1\"><b>Bitmi\u015f \u00dcr\u00fcn Denetimi (PSI-Pre Shipment Inspection)<\/b><\/p>\n<p class=\"p1\"><b>N-Type TOPCon teknolojisi ile \u00fcretilen Mavi \u00c7am G\u00fcne\u015f panelleri, yenilik\u00e7i 16 busbar yap\u0131s\u0131 sayesinde d\u00fc\u015f\u00fck hot spot riski sunarak g\u00fcvenilir bir enerji \u00fcretimi sa\u011flar.<\/b><\/p>\n","protected":false},"excerpt":{"rendered":"<p>Maksimum Verimlilik: %23 H\u00fccre Tipi: 144 TOPCon monokristalin silikon ( 6&#215;24) \u00d6n ve Arka Cam : 2.00 mm \/ 2.00 mm G\u00fc\u00e7 Tolerans\u0131: 0, +5 W Mod\u00fcl \u00d6l\u00e7\u00fcleri: 2278 \u00b1 2 mm x 1134 \u00b1 2 mm x 30 \u00b1 1 mm \u00dcr\u00fcn Garantisi: 15 y\u0131l Performans Garantisi: 30 y\u0131l, %87,4&#8217;e kadar lineer azalma Y\u0131ll\u0131k [&hellip;]<\/p>\n","protected":false},"featured_media":1056,"template":"","meta":{"_acf_changed":false},"product_brand":[],"product_cat":[19,37],"product_tag":[],"class_list":{"0":"post-1005","1":"product","2":"type-product","3":"status-publish","4":"has-post-thumbnail","6":"product_cat-all","7":"product_cat-hsa","9":"first","10":"instock","11":"shipping-taxable","12":"product-type-simple"},"acf":[],"_links":{"self":[{"href":"https:\/\/www.insightenerji.com\/en\/wp-json\/wp\/v2\/product\/1005","targetHints":{"allow":["GET"]}}],"collection":[{"href":"https:\/\/www.insightenerji.com\/en\/wp-json\/wp\/v2\/product"}],"about":[{"href":"https:\/\/www.insightenerji.com\/en\/wp-json\/wp\/v2\/types\/product"}],"wp:featuredmedia":[{"embeddable":true,"href":"https:\/\/www.insightenerji.com\/en\/wp-json\/wp\/v2\/media\/1056"}],"wp:attachment":[{"href":"https:\/\/www.insightenerji.com\/en\/wp-json\/wp\/v2\/media?parent=1005"}],"wp:term":[{"taxonomy":"product_brand","embeddable":true,"href":"https:\/\/www.insightenerji.com\/en\/wp-json\/wp\/v2\/product_brand?post=1005"},{"taxonomy":"product_cat","embeddable":true,"href":"https:\/\/www.insightenerji.com\/en\/wp-json\/wp\/v2\/product_cat?post=1005"},{"taxonomy":"product_tag","embeddable":true,"href":"https:\/\/www.insightenerji.com\/en\/wp-json\/wp\/v2\/product_tag?post=1005"}],"curies":[{"name":"wp","href":"https:\/\/api.w.org\/{rel}","templated":true}]}}