{"id":1002,"date":"2024-12-11T10:14:35","date_gmt":"2024-12-11T10:14:35","guid":{"rendered":"https:\/\/www.re.net.tr\/ie\/?post_type=product&#038;p=1002"},"modified":"2024-12-11T11:44:15","modified_gmt":"2024-12-11T11:44:15","slug":"ac-hisbox","status":"publish","type":"product","link":"https:\/\/www.insightenerji.com\/en\/urun\/ac-hisbox\/","title":{"rendered":"AC HISBOX"},"content":{"rendered":"<h3>HISbox\u00ae\u00a0sigorta panolar\u0131 i\u00e7in hi\u00e7bir \u015fey \u015fansa b\u0131rak\u0131lmaz.<\/h3>\n<div><\/div>\n<div><strong>Projeye \u00d6zel Tasar\u0131m\u00a0<\/strong><\/div>\n<div>HISbox\u00ae\u00a0sigorta panolar\u0131 her zaman proje i\u00e7in \u00f6zel olarak tasarlanm\u0131\u015ft\u0131r; bu ama\u00e7la \u00fclkeye \u00f6zg\u00fc d\u00fczenlemelerle koordineli olarak koruma, anahtarlama ve \u00f6l\u00e7\u00fcm cihazlar\u0131na olan ihtiyac\u0131n\u0131z\u0131 a\u00e7\u0131kl\u0131\u011fa kavu\u015fturuyoruz.<\/div>\n<div><\/div>\n<div><strong>Standart Uyumlu Yap\u0131<\/strong><\/div>\n<div>HISbox\u00ae\u00a0sigorta panolar\u0131m\u0131z\u0131 IEC 61439-2&#8217;ye uygun olarak planl\u0131yor ve in\u015fa ediyoruz; \u015femalar\u0131 ve kurulum notlar\u0131 ile birlikte g\u00f6nderiyoruz.<\/div>\n<div><\/div>\n<div><\/div>\n<div><strong>Kan\u0131tlanm\u0131\u015f Kalite<\/strong><\/div>\n<div>Planlama yaz\u0131l\u0131m\u0131n\u0131n \u00fcr\u00fcn y\u00f6netim sistemine entegrasyonu<\/div>\n<div>\u015eirket i\u00e7i test laboratuvarlar\u0131nda \u0131s\u0131nma testleri<\/div>\n<div>IEC standard\u0131na g\u00f6re par\u00e7a kontrol\u00fc<\/div>\n<div><\/div>\n<div><strong>Kolay Kurulum<\/strong><\/div>\n<div>HISbox\u00ae\u00a0sigorta panolar\u0131, \u00f6nceden monte edilmi\u015f ba\u011flant\u0131 kablolar\u0131 ve FV konekt\u00f6rleri\u00a0ile birlikte montaj s\u00fcresini en aza indirerek kullan\u0131ma haz\u0131r hale getirir.<\/div>\n<div><\/div>\n<div><strong>En Y\u00fcksek G\u00fcvenilirlik\u00a0<\/strong><\/div>\n<div>HISbox\u00ae\u00a0\u00e7\u00f6z\u00fcmlerimizde standart, sertifikal\u0131 ve HIS yenilenebilirli\u011fi kan\u0131tlanm\u0131\u015f bile\u015fenleri kullanarak uzun ve bak\u0131m gerektirmeyen bir \u00e7al\u0131\u015fman\u0131n temelini at\u0131yoruz.<\/div>\n<div><\/div>\n<div><strong>HISCONNECT\u00ae SOLAR KABLO \u00c7\u00d6Z\u00dcMLER\u0130N\u0130N PAR\u00c7ASIDIR<\/strong><\/div>\n<div>\u00c7ok y\u00f6nl\u00fc ve \u00f6zelle\u015ftirilebilir sigorta panolar\u0131 HISCONNECT\u00ae\u00a0sistemlerimizin\u00a0<wbr \/>bir par\u00e7as\u0131d\u0131r\u00a0ve FV ortam\u0131ndaki t\u00fcm kablolama k\u0131s\u0131mlar\u0131n\u0131 kapsar.<\/div>\n","protected":false},"excerpt":{"rendered":"<p>HISbox\u00ae\u00a0sigorta panolar\u0131 i\u00e7in hi\u00e7bir \u015fey \u015fansa b\u0131rak\u0131lmaz. Projeye \u00d6zel Tasar\u0131m\u00a0 HISbox\u00ae\u00a0sigorta panolar\u0131 her zaman proje i\u00e7in \u00f6zel olarak tasarlanm\u0131\u015ft\u0131r; bu ama\u00e7la \u00fclkeye \u00f6zg\u00fc d\u00fczenlemelerle koordineli olarak koruma, anahtarlama ve \u00f6l\u00e7\u00fcm cihazlar\u0131na olan ihtiyac\u0131n\u0131z\u0131 a\u00e7\u0131kl\u0131\u011fa kavu\u015fturuyoruz. Standart Uyumlu Yap\u0131 HISbox\u00ae\u00a0sigorta panolar\u0131m\u0131z\u0131 IEC 61439-2&#8217;ye uygun olarak planl\u0131yor ve in\u015fa ediyoruz; \u015femalar\u0131 ve kurulum notlar\u0131 ile birlikte g\u00f6nderiyoruz. [&hellip;]<\/p>\n","protected":false},"featured_media":1004,"template":"","meta":{"_acf_changed":false},"product_brand":[],"product_cat":[19,36],"product_tag":[],"class_list":{"0":"post-1002","1":"product","2":"type-product","3":"status-publish","4":"has-post-thumbnail","6":"product_cat-all","7":"product_cat-his","9":"first","10":"instock","11":"shipping-taxable","12":"product-type-simple"},"acf":[],"_links":{"self":[{"href":"https:\/\/www.insightenerji.com\/en\/wp-json\/wp\/v2\/product\/1002","targetHints":{"allow":["GET"]}}],"collection":[{"href":"https:\/\/www.insightenerji.com\/en\/wp-json\/wp\/v2\/product"}],"about":[{"href":"https:\/\/www.insightenerji.com\/en\/wp-json\/wp\/v2\/types\/product"}],"wp:featuredmedia":[{"embeddable":true,"href":"https:\/\/www.insightenerji.com\/en\/wp-json\/wp\/v2\/media\/1004"}],"wp:attachment":[{"href":"https:\/\/www.insightenerji.com\/en\/wp-json\/wp\/v2\/media?parent=1002"}],"wp:term":[{"taxonomy":"product_brand","embeddable":true,"href":"https:\/\/www.insightenerji.com\/en\/wp-json\/wp\/v2\/product_brand?post=1002"},{"taxonomy":"product_cat","embeddable":true,"href":"https:\/\/www.insightenerji.com\/en\/wp-json\/wp\/v2\/product_cat?post=1002"},{"taxonomy":"product_tag","embeddable":true,"href":"https:\/\/www.insightenerji.com\/en\/wp-json\/wp\/v2\/product_tag?post=1002"}],"curies":[{"name":"wp","href":"https:\/\/api.w.org\/{rel}","templated":true}]}}