{"id":1302,"date":"2025-01-06T09:05:08","date_gmt":"2025-01-06T09:05:08","guid":{"rendered":"https:\/\/www.re.net.tr\/ie\/?page_id=1302"},"modified":"2025-03-14T12:32:30","modified_gmt":"2025-03-14T12:32:30","slug":"optimal-product-supply","status":"publish","type":"page","link":"https:\/\/www.insightenerji.com\/en\/optimal-product-supply\/","title":{"rendered":"OPTIMAL Product Supply"},"content":{"rendered":"\t\t<div data-elementor-type=\"wp-page\" data-elementor-id=\"1302\" class=\"elementor elementor-1302\" data-elementor-post-type=\"page\">\n\t\t\t\t\t\t<section class=\"elementor-section elementor-top-section elementor-element elementor-element-482097b5 elementor-section-height-min-height elementor-section-boxed elementor-section-height-default elementor-section-items-middle\" data-id=\"482097b5\" data-element_type=\"section\" data-settings=\"{&quot;background_background&quot;:&quot;classic&quot;}\">\n\t\t\t\t\t\t\t<div class=\"elementor-background-overlay\"><\/div>\n\t\t\t\t\t\t\t<div class=\"elementor-container elementor-column-gap-default\">\n\t\t\t\t\t<div class=\"elementor-column elementor-col-100 elementor-top-column elementor-element elementor-element-6185fa34\" data-id=\"6185fa34\" data-element_type=\"column\">\n\t\t\t<div class=\"elementor-widget-wrap elementor-element-populated\">\n\t\t\t\t\t\t<div class=\"elementor-element elementor-element-7a1f1725 elementor-invisible elementor-widget elementor-widget-heading\" data-id=\"7a1f1725\" data-element_type=\"widget\" data-settings=\"{&quot;_animation&quot;:&quot;fadeInUp&quot;}\" data-widget_type=\"heading.default\">\n\t\t\t\t<div class=\"elementor-widget-container\">\n\t\t\t\t\t<h1 class=\"elementor-heading-title elementor-size-default\">OUR SERVICES<\/h1>\t\t\t\t<\/div>\n\t\t\t\t<\/div>\n\t\t\t\t\t<\/div>\n\t\t<\/div>\n\t\t\t\t\t<\/div>\n\t\t<\/section>\n\t\t\t\t<section class=\"elementor-section elementor-top-section elementor-element elementor-element-2c06a1db elementor-section-boxed elementor-section-height-default elementor-section-height-default\" data-id=\"2c06a1db\" data-element_type=\"section\">\n\t\t\t\t\t\t<div class=\"elementor-container elementor-column-gap-default\">\n\t\t\t\t\t<div class=\"elementor-column elementor-col-100 elementor-top-column elementor-element elementor-element-64db75d\" data-id=\"64db75d\" data-element_type=\"column\">\n\t\t\t<div class=\"elementor-widget-wrap elementor-element-populated\">\n\t\t\t\t\t\t<div class=\"elementor-element elementor-element-34fcdc32 elementor-widget__width-auto elementor-absolute elementor-invisible elementor-widget elementor-widget-image\" data-id=\"34fcdc32\" data-element_type=\"widget\" data-settings=\"{&quot;_animation&quot;:&quot;zoomIn&quot;,&quot;_position&quot;:&quot;absolute&quot;}\" data-widget_type=\"image.default\">\n\t\t\t\t<div class=\"elementor-widget-container\">\n\t\t\t\t\t\t\t\t\t\t\t\t\t\t\t<img decoding=\"async\" width=\"97\" height=\"97\" src=\"https:\/\/www.insightenerji.com\/en\/wp-content\/uploads\/2024\/09\/grid-dots.png\" class=\"attachment-large size-large wp-image-315\" alt=\"\" \/>\t\t\t\t\t\t\t\t\t\t\t\t\t\t\t<\/div>\n\t\t\t\t<\/div>\n\t\t\t\t\t<\/div>\n\t\t<\/div>\n\t\t\t\t\t<\/div>\n\t\t<\/section>\n\t\t\t\t<section class=\"elementor-section elementor-top-section elementor-element elementor-element-6d108d57 elementor-section-boxed elementor-section-height-default elementor-section-height-default\" data-id=\"6d108d57\" data-element_type=\"section\">\n\t\t\t\t\t\t<div class=\"elementor-container elementor-column-gap-default\">\n\t\t\t\t\t<div class=\"elementor-column elementor-col-100 elementor-top-column elementor-element elementor-element-f1fa5c5\" data-id=\"f1fa5c5\" data-element_type=\"column\">\n\t\t\t<div class=\"elementor-widget-wrap elementor-element-populated\">\n\t\t\t\t\t\t<div class=\"elementor-element elementor-element-9d32455 elementor-widget elementor-widget-heading\" data-id=\"9d32455\" data-element_type=\"widget\" data-widget_type=\"heading.default\">\n\t\t\t\t<div class=\"elementor-widget-container\">\n\t\t\t\t\t<h2 class=\"elementor-heading-title elementor-size-default\">OPTIMAL Product Supply<\/h2>\t\t\t\t<\/div>\n\t\t\t\t<\/div>\n\t\t\t\t\t<\/div>\n\t\t<\/div>\n\t\t\t\t\t<\/div>\n\t\t<\/section>\n\t\t<div class=\"elementor-element elementor-element-f822036 e-flex e-con-boxed e-con e-parent\" data-id=\"f822036\" data-element_type=\"container\">\n\t\t\t\t\t<div class=\"e-con-inner\">\n\t\t\t\t<div class=\"elementor-element elementor-element-ae09f91 elementor-widget elementor-widget-text-editor\" data-id=\"ae09f91\" data-element_type=\"widget\" data-widget_type=\"text-editor.default\">\n\t\t\t\t<div class=\"elementor-widget-container\">\n\t\t\t\t\t\t\t\t\t<p data-start=\"73\" data-end=\"315\">Success in renewable energy projects is not just about assembling the highest-quality components. True efficiency and sustainability are achieved through the selection of the most suitable equipment, backed by precise engineering expertise.<\/p><p data-start=\"317\" data-end=\"672\">At Insight Energy, we leverage our engineering expertise and global solution partners to deliver the optimal product combination tailored to each project. Our strong engineering team ensures not only compliance with quality standards but also the selection of products that maximize system performance, securing the long-term success of your investment.<\/p><p data-start=\"674\" data-end=\"949\">Every decision in energy investments is critical. Choosing the wrong equipment can lead to long-term performance losses and increased costs. That\u2019s why Insight Energy integrates globally proven brands into your projects through technical analysis and engineering expertise.<\/p><p data-start=\"951\" data-end=\"1058\"><strong data-start=\"951\" data-end=\"1056\">Accurate engineering + reliable product procurement = sustainable, high-efficiency energy production.<\/strong><\/p><p data-start=\"1060\" data-end=\"1277\" data-is-last-node=\"\" data-is-only-node=\"\">With the Insight Energy advantage, we help you implement your projects with maximum efficiency. Because we understand that reliable product procurement shapes not only today\u2019s energy but also the energy of the future.<\/p>\t\t\t\t\t\t\t\t<\/div>\n\t\t\t\t<\/div>\n\t\t\t\t\t<\/div>\n\t\t\t\t<\/div>\n\t\t<div class=\"elementor-element elementor-element-e4c95a4 e-flex e-con-boxed e-con e-parent\" data-id=\"e4c95a4\" data-element_type=\"container\">\n\t\t\t\t\t<div class=\"e-con-inner\">\n\t\t\t\t<div class=\"elementor-element elementor-element-e88725f elementor-widget elementor-widget-image-carousel\" data-id=\"e88725f\" data-element_type=\"widget\" data-settings=\"{&quot;slides_to_show&quot;:&quot;5&quot;,&quot;slides_to_show_tablet&quot;:&quot;3&quot;,&quot;slides_to_show_mobile&quot;:&quot;2&quot;,&quot;navigation&quot;:&quot;none&quot;,&quot;image_spacing_custom&quot;:{&quot;unit&quot;:&quot;px&quot;,&quot;size&quot;:0,&quot;sizes&quot;:[]},&quot;image_spacing_custom_mobile&quot;:{&quot;unit&quot;:&quot;px&quot;,&quot;size&quot;:42,&quot;sizes&quot;:[]},&quot;autoplay&quot;:&quot;yes&quot;,&quot;autoplay_speed&quot;:5000,&quot;infinite&quot;:&quot;yes&quot;,&quot;speed&quot;:500,&quot;image_spacing_custom_tablet&quot;:{&quot;unit&quot;:&quot;px&quot;,&quot;size&quot;:&quot;&quot;,&quot;sizes&quot;:[]}}\" data-widget_type=\"image-carousel.default\">\n\t\t\t\t<div class=\"elementor-widget-container\">\n\t\t\t\t\t\t\t<div class=\"elementor-image-carousel-wrapper swiper\" role=\"region\" aria-roledescription=\"carousel\" aria-label=\"Resim D\u00f6ng\u00fcs\u00fc\" dir=\"ltr\">\n\t\t\t<div class=\"elementor-image-carousel swiper-wrapper\" aria-live=\"off\">\n\t\t\t\t\t\t\t\t<div class=\"swiper-slide\" role=\"group\" aria-roledescription=\"slide\" aria-label=\"1 of 11\"><a data-elementor-open-lightbox=\"yes\" data-elementor-lightbox-slideshow=\"e88725f\" data-elementor-lightbox-title=\"sungrow-logo\" data-e-action-hash=\"#elementor-action%3Aaction%3Dlightbox%26settings%3DeyJpZCI6Nzg1LCJ1cmwiOiJodHRwczpcL1wvd3d3Lmluc2lnaHRlbmVyamkuY29tXC9lblwvd3AtY29udGVudFwvdXBsb2Fkc1wvMjAyNFwvMTFcL3N1bmdyb3ctbG9nby1lMTczMjEwNDU4OTcxMC5wbmciLCJzbGlkZXNob3ciOiJlODg3MjVmIn0%3D\" href=\"https:\/\/www.insightenerji.com\/en\/products\/\"><figure class=\"swiper-slide-inner\"><img decoding=\"async\" class=\"swiper-slide-image\" src=\"https:\/\/www.insightenerji.com\/en\/wp-content\/uploads\/2024\/11\/sungrow-logo-e1732104589710.png\" alt=\"sungrow-logo\" \/><\/figure><\/a><\/div><div class=\"swiper-slide\" role=\"group\" aria-roledescription=\"slide\" aria-label=\"2 of 11\"><a data-elementor-open-lightbox=\"yes\" data-elementor-lightbox-slideshow=\"e88725f\" data-elementor-lightbox-title=\"hopewind-logo\" data-e-action-hash=\"#elementor-action%3Aaction%3Dlightbox%26settings%3DeyJpZCI6Nzg0LCJ1cmwiOiJodHRwczpcL1wvd3d3Lmluc2lnaHRlbmVyamkuY29tXC9lblwvd3AtY29udGVudFwvdXBsb2Fkc1wvMjAyNFwvMTFcL2hvcGV3aW5kLWxvZ28tZTE3MzIxMDQ2MTU5OTIucG5nIiwic2xpZGVzaG93IjoiZTg4NzI1ZiJ9\" href=\"https:\/\/www.insightenerji.com\/en\/products\/\"><figure class=\"swiper-slide-inner\"><img decoding=\"async\" class=\"swiper-slide-image\" src=\"https:\/\/www.insightenerji.com\/en\/wp-content\/uploads\/2024\/11\/hopewind-logo-e1732104615992.png\" alt=\"hopewind-logo\" \/><\/figure><\/a><\/div><div class=\"swiper-slide\" role=\"group\" aria-roledescription=\"slide\" aria-label=\"3 of 11\"><a data-elementor-open-lightbox=\"yes\" data-elementor-lightbox-slideshow=\"e88725f\" data-elementor-lightbox-title=\"exelon-logo\" data-e-action-hash=\"#elementor-action%3Aaction%3Dlightbox%26settings%3DeyJpZCI6NzgzLCJ1cmwiOiJodHRwczpcL1wvd3d3Lmluc2lnaHRlbmVyamkuY29tXC9lblwvd3AtY29udGVudFwvdXBsb2Fkc1wvMjAyNFwvMTFcL2V4ZWxvbi1sb2dvLWUxNzMyMTA0NjMwNzM1LnBuZyIsInNsaWRlc2hvdyI6ImU4ODcyNWYifQ%3D%3D\" href=\"https:\/\/www.insightenerji.com\/en\/products\/\"><figure class=\"swiper-slide-inner\"><img decoding=\"async\" class=\"swiper-slide-image\" src=\"https:\/\/www.insightenerji.com\/en\/wp-content\/uploads\/2024\/11\/exelon-logo-e1732104630735.png\" alt=\"exelon-logo\" \/><\/figure><\/a><\/div><div class=\"swiper-slide\" role=\"group\" aria-roledescription=\"slide\" aria-label=\"4 of 11\"><a data-elementor-open-lightbox=\"yes\" data-elementor-lightbox-slideshow=\"e88725f\" data-elementor-lightbox-title=\"clou-logo\" data-e-action-hash=\"#elementor-action%3Aaction%3Dlightbox%26settings%3DeyJpZCI6NzgyLCJ1cmwiOiJodHRwczpcL1wvd3d3Lmluc2lnaHRlbmVyamkuY29tXC9lblwvd3AtY29udGVudFwvdXBsb2Fkc1wvMjAyNFwvMTFcL2Nsb3UtbG9nby1lMTczMjEwNDY0NzUzNi5wbmciLCJzbGlkZXNob3ciOiJlODg3MjVmIn0%3D\" href=\"https:\/\/www.insightenerji.com\/en\/products\/\"><figure class=\"swiper-slide-inner\"><img decoding=\"async\" class=\"swiper-slide-image\" src=\"https:\/\/www.insightenerji.com\/en\/wp-content\/uploads\/2024\/11\/clou-logo-e1732104647536.png\" alt=\"clou-logo\" \/><\/figure><\/a><\/div><div class=\"swiper-slide\" role=\"group\" aria-roledescription=\"slide\" aria-label=\"5 of 11\"><a data-elementor-open-lightbox=\"yes\" data-elementor-lightbox-slideshow=\"e88725f\" data-elementor-lightbox-title=\"hsa-logo\" data-e-action-hash=\"#elementor-action%3Aaction%3Dlightbox%26settings%3DeyJpZCI6Nzc1LCJ1cmwiOiJodHRwczpcL1wvd3d3Lmluc2lnaHRlbmVyamkuY29tXC9lblwvd3AtY29udGVudFwvdXBsb2Fkc1wvMjAyNFwvMTFcL2hzYS1sb2dvLWUxNzMyMTA0NTI5ODc3LnBuZyIsInNsaWRlc2hvdyI6ImU4ODcyNWYifQ%3D%3D\" href=\"https:\/\/www.insightenerji.com\/en\/products\/\"><figure class=\"swiper-slide-inner\"><img decoding=\"async\" class=\"swiper-slide-image\" src=\"https:\/\/www.insightenerji.com\/en\/wp-content\/uploads\/2024\/11\/hsa-logo-e1732104529877.png\" alt=\"hsa-logo\" \/><\/figure><\/a><\/div><div class=\"swiper-slide\" role=\"group\" aria-roledescription=\"slide\" aria-label=\"6 of 11\"><a data-elementor-open-lightbox=\"yes\" data-elementor-lightbox-slideshow=\"e88725f\" data-elementor-lightbox-title=\"solarplus\" data-e-action-hash=\"#elementor-action%3Aaction%3Dlightbox%26settings%3DeyJpZCI6NzgwLCJ1cmwiOiJodHRwczpcL1wvd3d3Lmluc2lnaHRlbmVyamkuY29tXC9lblwvd3AtY29udGVudFwvdXBsb2Fkc1wvMjAyNFwvMTFcL3NvbGFycGx1cy1lMTczMjEwNDcxNDg3OS5wbmciLCJzbGlkZXNob3ciOiJlODg3MjVmIn0%3D\" href=\"https:\/\/www.insightenerji.com\/en\/products\/\"><figure class=\"swiper-slide-inner\"><img decoding=\"async\" class=\"swiper-slide-image\" src=\"https:\/\/www.insightenerji.com\/en\/wp-content\/uploads\/2024\/11\/solarplus-e1732104714879.png\" alt=\"solarplus\" \/><\/figure><\/a><\/div><div class=\"swiper-slide\" role=\"group\" aria-roledescription=\"slide\" aria-label=\"7 of 11\"><a data-elementor-open-lightbox=\"yes\" data-elementor-lightbox-slideshow=\"e88725f\" data-elementor-lightbox-title=\"goldwind\" data-e-action-hash=\"#elementor-action%3Aaction%3Dlightbox%26settings%3DeyJpZCI6Nzc5LCJ1cmwiOiJodHRwczpcL1wvd3d3Lmluc2lnaHRlbmVyamkuY29tXC9lblwvd3AtY29udGVudFwvdXBsb2Fkc1wvMjAyNFwvMTFcL2dvbGR3aW5kLWUxNzMyMTA0NzY1NzgyLnBuZyIsInNsaWRlc2hvdyI6ImU4ODcyNWYifQ%3D%3D\" href=\"https:\/\/www.insightenerji.com\/en\/products\/\"><figure class=\"swiper-slide-inner\"><img decoding=\"async\" class=\"swiper-slide-image\" src=\"https:\/\/www.insightenerji.com\/en\/wp-content\/uploads\/2024\/11\/goldwind-e1732104765782.png\" alt=\"goldwind\" \/><\/figure><\/a><\/div><div class=\"swiper-slide\" role=\"group\" aria-roledescription=\"slide\" aria-label=\"8 of 11\"><a data-elementor-open-lightbox=\"yes\" data-elementor-lightbox-slideshow=\"e88725f\" data-elementor-lightbox-title=\"sigmalogo\" data-e-action-hash=\"#elementor-action%3Aaction%3Dlightbox%26settings%3DeyJpZCI6NzgxLCJ1cmwiOiJodHRwczpcL1wvd3d3Lmluc2lnaHRlbmVyamkuY29tXC9lblwvd3AtY29udGVudFwvdXBsb2Fkc1wvMjAyNFwvMTFcL3NpZ21hbG9nby1lMTczMjEwNDY2NTg0Ny5wbmciLCJzbGlkZXNob3ciOiJlODg3MjVmIn0%3D\" href=\"https:\/\/www.insightenerji.com\/en\/products\/\"><figure class=\"swiper-slide-inner\"><img decoding=\"async\" class=\"swiper-slide-image\" src=\"https:\/\/www.insightenerji.com\/en\/wp-content\/uploads\/2024\/11\/sigmalogo-e1732104665847.png\" alt=\"sigmalogo\" \/><\/figure><\/a><\/div><div class=\"swiper-slide\" role=\"group\" aria-roledescription=\"slide\" aria-label=\"9 of 11\"><a data-elementor-open-lightbox=\"yes\" data-elementor-lightbox-slideshow=\"e88725f\" data-elementor-lightbox-title=\"hislogo\" data-e-action-hash=\"#elementor-action%3Aaction%3Dlightbox%26settings%3DeyJpZCI6Nzc2LCJ1cmwiOiJodHRwczpcL1wvd3d3Lmluc2lnaHRlbmVyamkuY29tXC9lblwvd3AtY29udGVudFwvdXBsb2Fkc1wvMjAyNFwvMTFcL2hpc2xvZ28tZTE3MzIxMDQ3OTUxNzAucG5nIiwic2xpZGVzaG93IjoiZTg4NzI1ZiJ9\" href=\"https:\/\/www.insightenerji.com\/en\/products\/\"><figure class=\"swiper-slide-inner\"><img decoding=\"async\" class=\"swiper-slide-image\" src=\"https:\/\/www.insightenerji.com\/en\/wp-content\/uploads\/2024\/11\/hislogo-e1732104795170.png\" alt=\"hislogo\" \/><\/figure><\/a><\/div><div class=\"swiper-slide\" role=\"group\" aria-roledescription=\"slide\" aria-label=\"10 of 11\"><a data-elementor-open-lightbox=\"yes\" data-elementor-lightbox-slideshow=\"e88725f\" data-elementor-lightbox-title=\"zeslogo\" data-e-action-hash=\"#elementor-action%3Aaction%3Dlightbox%26settings%3DeyJpZCI6Nzc3LCJ1cmwiOiJodHRwczpcL1wvd3d3Lmluc2lnaHRlbmVyamkuY29tXC9lblwvd3AtY29udGVudFwvdXBsb2Fkc1wvMjAyNFwvMTFcL3plc2xvZ28tZTE3MzIxMDQ3ODAxNDcucG5nIiwic2xpZGVzaG93IjoiZTg4NzI1ZiJ9\" href=\"https:\/\/www.insightenerji.com\/en\/products\/\"><figure class=\"swiper-slide-inner\"><img decoding=\"async\" class=\"swiper-slide-image\" src=\"https:\/\/www.insightenerji.com\/en\/wp-content\/uploads\/2024\/11\/zeslogo-e1732104780147.png\" alt=\"zeslogo\" \/><\/figure><\/a><\/div><div class=\"swiper-slide\" role=\"group\" aria-roledescription=\"slide\" aria-label=\"11 of 11\"><a data-elementor-open-lightbox=\"yes\" data-elementor-lightbox-slideshow=\"e88725f\" data-elementor-lightbox-title=\"oxologo\" data-e-action-hash=\"#elementor-action%3Aaction%3Dlightbox%26settings%3DeyJpZCI6Nzc4LCJ1cmwiOiJodHRwczpcL1wvd3d3Lmluc2lnaHRlbmVyamkuY29tXC9lblwvd3AtY29udGVudFwvdXBsb2Fkc1wvMjAyNFwvMTFcL294b2xvZ28tZTE3MzIxMDQ3Mjc2MjkucG5nIiwic2xpZGVzaG93IjoiZTg4NzI1ZiJ9\" href=\"https:\/\/www.insightenerji.com\/en\/products\/\"><figure class=\"swiper-slide-inner\"><img decoding=\"async\" class=\"swiper-slide-image\" src=\"https:\/\/www.insightenerji.com\/en\/wp-content\/uploads\/2024\/11\/oxologo-e1732104727629.png\" alt=\"oxologo\" \/><\/figure><\/a><\/div>\t\t\t<\/div>\n\t\t\t\t\t\t\t\n\t\t\t\t\t\t\t\t\t<\/div>\n\t\t\t\t\t\t<\/div>\n\t\t\t\t<\/div>\n\t\t\t\t\t<\/div>\n\t\t\t\t<\/div>\n\t\t\t\t<\/div>\n\t\t","protected":false},"excerpt":{"rendered":"<p>OUR SERVICES OPTIMAL Product Supply Success in renewable energy projects is not just about assembling the highest-quality components. True efficiency and sustainability are achieved through the selection of the most suitable equipment, backed by precise engineering expertise. At Insight Energy, we leverage our engineering expertise and global solution partners to deliver the optimal product combination [&hellip;]<\/p>\n","protected":false},"author":1,"featured_media":0,"parent":0,"menu_order":0,"comment_status":"closed","ping_status":"closed","template":"","meta":{"_acf_changed":false,"footnotes":""},"class_list":["post-1302","page","type-page","status-publish","hentry"],"acf":[],"_links":{"self":[{"href":"https:\/\/www.insightenerji.com\/en\/wp-json\/wp\/v2\/pages\/1302","targetHints":{"allow":["GET"]}}],"collection":[{"href":"https:\/\/www.insightenerji.com\/en\/wp-json\/wp\/v2\/pages"}],"about":[{"href":"https:\/\/www.insightenerji.com\/en\/wp-json\/wp\/v2\/types\/page"}],"author":[{"embeddable":true,"href":"https:\/\/www.insightenerji.com\/en\/wp-json\/wp\/v2\/users\/1"}],"replies":[{"embeddable":true,"href":"https:\/\/www.insightenerji.com\/en\/wp-json\/wp\/v2\/comments?post=1302"}],"version-history":[{"count":14,"href":"https:\/\/www.insightenerji.com\/en\/wp-json\/wp\/v2\/pages\/1302\/revisions"}],"predecessor-version":[{"id":1602,"href":"https:\/\/www.insightenerji.com\/en\/wp-json\/wp\/v2\/pages\/1302\/revisions\/1602"}],"wp:attachment":[{"href":"https:\/\/www.insightenerji.com\/en\/wp-json\/wp\/v2\/media?parent=1302"}],"curies":[{"name":"wp","href":"https:\/\/api.w.org\/{rel}","templated":true}]}}